{"id":1017,"date":"2009-11-10T15:49:30","date_gmt":"2009-11-10T14:49:30","guid":{"rendered":"http:\/\/blog.dpsgbretten.de\/?page_id=1017"},"modified":"2012-01-30T22:47:38","modified_gmt":"2012-01-30T20:47:38","slug":"das-jahr-2009","status":"publish","type":"page","link":"https:\/\/blog.dpsgbretten.de\/?page_id=1017","title":{"rendered":"Das Jahr 2009"},"content":{"rendered":"<p><strong><a href=\"https:\/\/blog.dpsgbretten.de\/wp-content\/uploads\/2009\/12\/pc160085-7.jpg\"><\/a><\/strong><\/p>\n<p><strong>Das Jahr 2009:<\/strong><\/p>\n<p>Das Jahr begann f\u00fcr die Jungpfadfinder- und Pfadfinderstufe mit einem <a href=\"https:\/\/blog.dpsgbretten.de\/?p=421\">Fun-Tag<\/a> in den Weihnachtsferien. Auf einem <a href=\"https:\/\/blog.dpsgbretten.de\/?p=515\">Elternabend<\/a> Anfang Februar informierten wir die Eltern \u00fcber die Sommerfahrt. Au\u00dferdem stellten wir den Ausbau des Obergeschosses des Bernhardushauses f\u00fcr Jugendr\u00e4ume vor und informierten \u00fcber den neuen Pfadfinder-Raum. In den <strong>Elternbeirat<\/strong> unserer Siedlung wurden Anja Liebel (W\u00f6lflinge), Andreas Roseboom und Frau Kleiber (Jungpfadfinder)\u00a0 und Birgit Nauheimer (Pfadfinder) gew\u00e4hlt. In den Faschingsferien wurde der <a href=\"https:\/\/blog.dpsgbretten.de\/?p=570\">Thinking Day <\/a>nachgefeiert. Die Sippen \u00fcbernachteten in einer Blockh\u00fctte, wurden jedoch von den W\u00f6lflingen \u00fcberfallen, die schlie\u00dflich nach einem Abendessen und mit erbeuteten Fackeln die Wanderung nach Bretten zur\u00fcck antraten. Neun Teams k\u00e4mpften auf unserem <a href=\"https:\/\/blog.dpsgbretten.de\/?p=593\">V\u00f6lkerballturnier<\/a> in der Sporthalle &#8222;Im Gr\u00fcner&#8220; um den begehrten Pokal: Der Pokal ging verdient an das Jugendhaus Bretten, wir erreichten den 2. und 6. Platz. Auf einem Woodbadge-Modulkurs lernten Tatl und Hans nette Leute aus dem Bezirk Ortenau-Kinzigtal kennen. Im M\u00e4rz sammelten und sortierten alle Mitglieder unterst\u00fctzt von einigen Eltern <a href=\"https:\/\/blog.dpsgbretten.de\/?p=645\">Altpapier<\/a>.<\/p>\n<p>In den Osterferien unternahmen die Jungpfadfinder und Pfadfinder der Siedlung einen <a href=\"https:\/\/blog.dpsgbretten.de\/?p=668\">Fun-Tag<\/a> mit anschl. \u00dcbernachtung im Bernhardushaus. Erik nahm am Woodbadgekurs der Jungpfadfinderstufe teil. Jungpfadfinder und Pfadfinder unserer Siedlung traten auf dem <a href=\"https:\/\/blog.dpsgbretten.de\/?p=683\">Rheinischen Singewettstreit<\/a> auf. Im Rahmen des Grillnachmittags der Erstkommuionkinder stellten wir uns mit Jurte und Stockbrot vor. Im Rahmen unseres <a href=\"https:\/\/blog.dpsgbretten.de\/?p=703\">Stammesgr\u00fcndungslagers ernannte uns der Bezirksvorstand zum STAMM<\/a>. Dies feierten wir nat\u00fcrlich mit nahezu 200 G\u00e4sten aus Nah und Fern. Beim Stammesgr\u00fcndungsgottesdienst platzte regelrecht die Jurte. In der ersten Stammesversammlung wurden Tatjana Beisel und Erik B\u00f6ttcher als Stammesvorsitzende, sowie als Kurat Pfarrer Baader gew\u00e4hlt. Gemeinsam bilden sie den Stammesvorstand. An der Fronleichnamsprozession nahm eine 15-k\u00f6pfige Fahnenabordnung teil. Aufgrund Dauerregen blieb der Prozessionszug jedoch in der Kirche. Unsere schauspielerischen Qualit\u00e4ten konnten wir auf dem <a href=\"https:\/\/blog.dpsgbretten.de\/?p=805\">musischen Wochenende des BdP<\/a> im Rahmen eines Theaterst\u00fccks testen und hatten au\u00dferdem viel Spa\u00df. Im Rahmen eines <a href=\"https:\/\/blog.dpsgbretten.de\/?p=810\">Sternhaijks<\/a> waren die Jupfis und Pfadis im Brettener Umland unterwegs. H\u00f6hepunkt des Fahrtenjahres war mit Sicherheit unsere <a href=\"https:\/\/blog.dpsgbretten.de\/?p=818\">Sommerfahrt<\/a>, die 34 Mitglieder in die Schweiz in das Weltpfadfinderzentrum Kandersteg f\u00fchrte. Anschlie\u00dfend fuhren die Jupfis und Pfadis mit dem Fahrrad von Basel zur\u00fcck nach Bretten. \u00dcber 50 Kinder nahmen am <a href=\"https:\/\/blog.dpsgbretten.de\/?p=871\">Sommer-Abschlusslager<\/a> der Gerogspfadfinder teil. In der letzten Ferienwoche arbeiten zahlreiche Pfadis rund 300 Stunden beim <a href=\"https:\/\/blog.dpsgbretten.de\/?p=882\">Umbau des Dachgeschosses<\/a> des Bernhardushauses. Eifrig Papier wurde bei der <a href=\"https:\/\/blog.dpsgbretten.de\/?p=889\">Herbst-Altpapiersammlung<\/a> gesammelt. Zu einem <a href=\"https:\/\/blog.dpsgbretten.de\/?p=940\">Familienausflug<\/a> lud der Elternbeirat unseres Stamms ein: Aufgrund starken Regens fiel die Wanderung aus, daf\u00fcr wurde auf dem B\u00fcchiger Grillplatz\u00a0 gegrillt. Traditionell fanden die Stufenfahrten in den Herbstferien statt: Die <a href=\"https:\/\/blog.dpsgbretten.de\/?p=996\">W\u00f6lflinge fuhren auf das Herbstlager<\/a> in die Tiefenthalh\u00fctte, die <a href=\"https:\/\/blog.dpsgbretten.de\/?p=1007\">Jungpfadfinder und Pfadfinder zum Wandern im Neckartal<\/a>. Am ersten Adventswochenende war der Stamm auf dem <a href=\"https:\/\/blog.dpsgbretten.de\/?p=1096\">Brettener Weihnachtsmarkt<\/a> mit einem Stand vertreten. Zwischen den Jahren lud der Stammesvorstand alle Erwachsene zu einem <em>perfekten Dinner<\/em> im Bernhardushaus ein, um sich f\u00fcr das ehrenamtliche Engagement zu bedanken.<\/p>\n","protected":false},"excerpt":{"rendered":"<p>Das Jahr 2009: Das Jahr begann f\u00fcr die Jungpfadfinder- und Pfadfinderstufe mit einem Fun-Tag in den Weihnachtsferien. Auf einem Elternabend Anfang Februar informierten wir die Eltern \u00fcber die Sommerfahrt. Au\u00dferdem <a class=\"more-link\" href=\"https:\/\/blog.dpsgbretten.de\/?page_id=1017\">Continue Reading &rarr;<\/a><\/p>\n","protected":false},"author":1,"featured_media":2048,"parent":82,"menu_order":30,"comment_status":"closed","ping_status":"closed","template":"template-onecol.php","meta":{"footnotes":""},"class_list":["post-1017","page","type-page","status-publish","has-post-thumbnail","hentry"],"_links":{"self":[{"href":"https:\/\/blog.dpsgbretten.de\/index.php?rest_route=\/wp\/v2\/pages\/1017","targetHints":{"allow":["GET"]}}],"collection":[{"href":"https:\/\/blog.dpsgbretten.de\/index.php?rest_route=\/wp\/v2\/pages"}],"about":[{"href":"https:\/\/blog.dpsgbretten.de\/index.php?rest_route=\/wp\/v2\/types\/page"}],"author":[{"embeddable":true,"href":"https:\/\/blog.dpsgbretten.de\/index.php?rest_route=\/wp\/v2\/users\/1"}],"replies":[{"embeddable":true,"href":"https:\/\/blog.dpsgbretten.de\/index.php?rest_route=%2Fwp%2Fv2%2Fcomments&post=1017"}],"version-history":[{"count":7,"href":"https:\/\/blog.dpsgbretten.de\/index.php?rest_route=\/wp\/v2\/pages\/1017\/revisions"}],"predecessor-version":[{"id":2049,"href":"https:\/\/blog.dpsgbretten.de\/index.php?rest_route=\/wp\/v2\/pages\/1017\/revisions\/2049"}],"up":[{"embeddable":true,"href":"https:\/\/blog.dpsgbretten.de\/index.php?rest_route=\/wp\/v2\/pages\/82"}],"wp:featuredmedia":[{"embeddable":true,"href":"https:\/\/blog.dpsgbretten.de\/index.php?rest_route=\/wp\/v2\/media\/2048"}],"wp:attachment":[{"href":"https:\/\/blog.dpsgbretten.de\/index.php?rest_route=%2Fwp%2Fv2%2Fmedia&parent=1017"}],"curies":[{"name":"wp","href":"https:\/\/api.w.org\/{rel}","templated":true}]}}