{"id":1025,"date":"2009-11-11T10:08:54","date_gmt":"2009-11-11T09:08:54","guid":{"rendered":"http:\/\/blog.dpsgbretten.de\/?page_id=1025"},"modified":"2018-05-09T10:04:31","modified_gmt":"2018-05-09T10:04:31","slug":"ich-will-pfadfinder-unterstutzen","status":"publish","type":"page","link":"https:\/\/blog.dpsgbretten.de\/?page_id=1025","title":{"rendered":"&#8230; Euch unterst\u00fctzen!"},"content":{"rendered":"<p><strong><span style=\"text-decoration: underline;\">Liebe Eltern, liebe Ehemalige, liebe Freunde,<br \/>\n<\/span><\/strong><\/p>\n<p><img loading=\"lazy\" decoding=\"async\" src=\"https:\/\/blog.dpsgbretten.de\/wp-content\/uploads\/2009\/11\/woewoe.jpg\" alt=\"woewoe\" width=\"225\" height=\"168\" align=\"left\" \/>Wenn wir unsere Schwarzzelte mit ge\u00fcbten Griffen aufbauen, gemeinsam auf gro\u00dfer Fahrt sind oder wenn Kinder und Jugendliche abends mit Begeisterung zusammen singen, sp\u00fcrt jeder:<\/p>\n<p>Es hat sich gelohnt, dass einige wenige Erwachsene den Mut fanden im Jahr 2007 den Pfadfinderstamm zu gr\u00fcnden.<\/p>\n<p>&nbsp;<\/p>\n<p>Damit in naher und ferner Zukunft Kinder und Jugendliche das Abenteuer Pfadfinden erleben d\u00fcrfen, ben\u00f6tigt unser Pfadfinderstamm heute und in Zukunft Unterst\u00fctzung von Erwachsenen, die im Hintergrund helfen langfristig die Pfadfinderarbeit auf ein festes Fundament zu stellen ohne in die aktuelle Gruppenarbeit einzugreifen. Der Freundes- und F\u00f6rdererkreis der Georgspfadfinder bietet Erwachsenen die M\u00f6glichkeit die Brettener Georgspfadfinder zu unterst\u00fctzen.<\/p>\n<p><strong>Wozu Mitglied werden?<\/strong><\/p>\n<p><img loading=\"lazy\" decoding=\"async\" src=\"https:\/\/blog.dpsgbretten.de\/wp-content\/uploads\/2009\/11\/fahrt.jpg\" alt=\"fahrt\" width=\"225\" height=\"168\" align=\"right\" \/>Mit Ihrer j\u00e4hrlichen Mindestspende von 20 \u20ac an den Pfadfinder-Tr\u00e4gerverein k\u00f6nnen Sie den Stamm von einem Teil seiner finanziellen Sorgen entlasten, den Leitern das Gef\u00fchl geben, nicht allein zu sein und sie anspornen, in ihrer Arbeit fortzufahren. Durch Ihre Spende k\u00f6nnen wir Zeltlagermaterial beschaffen und finanzschwachen Kindern durch Zusch\u00fcsse die M\u00f6glichkeit geben Pfadfinder-Abenteuer zu bestehen. Au\u00dferdem bietet Ihnen der Freundes- und F\u00f6rdererkreis:<\/p>\n<ul>\n<li>Aufbau und Pflege pers\u00f6nlicher Kontakte zu Pfadfindern, Ehemaligen und Gleichgesinnten<\/li>\n<li>j\u00e4hrliche Spende ist steuerlich absetzbar<\/li>\n<li>Informationen rund um den Pfadfinderstamm per Whatsapp und j\u00e4hrlich per Post<\/li>\n<\/ul>\n<p><strong>Bringt eine Mitgliedschaft auch Nachteile?<\/strong><\/p>\n<p>Au\u00dfer der Tatsache, dass wir von Ihrem Konto einmal j\u00e4hrlich eine Spende an den Tr\u00e4gerverein des Pfadfinderstamms Askola e.V. einziehen, bringt eine Mitgliedschaft im Freundes- und F\u00f6rdererkreis f\u00fcr Sie keine weiteren Verpflichtungen mit sich. Ihr weiteres Engagement, z.B. bei anfallenden Aktionen, wird zwar gerne angenommen, ist aber keine Bedingung f\u00fcr den Beitritt in den Freundeskreis. Sie entscheiden, in wieweit Sie sich in den Freundeskreis einbringen wollen!<\/p>\n<p><strong><img loading=\"lazy\" decoding=\"async\" src=\"https:\/\/blog.dpsgbretten.de\/wp-content\/uploads\/2009\/11\/zug.jpg\" alt=\"zug\" width=\"225\" height=\"168\" align=\"left\" \/>Was kostet mich das?<\/strong><\/p>\n<p>Als Mitglied des <em>Freundes- und F\u00f6rdererkreis der Georgspfadfinder Bretten<\/em> verpflichten Sie sich j\u00e4hrlich eine Spende in H\u00f6he von mind. 20 \u20ac an den Tr\u00e4gerverein des Pfadfinderstamms Askola e.V. zu leisten. Wir hoffen m\u00f6glichst viele Eltern, Freunde und Ehemalige f\u00fcr diese gute Sache gewinnen zu k\u00f6nnen.<\/p>\n<p><strong>Wie kann ich Mitglied werden?<\/strong><\/p>\n<p>Einfach das <a href=\"https:\/\/blog.dpsgbretten.de\/wp-content\/uploads\/2011\/12\/Foerderverein2012.pdf\">Anmeldeformular<\/a> herunterladen,\u00a0 ausf\u00fcllen und bei einem Gruppenleiter abgegeben oder direkt an die Vorsitzende unseres Freundes- und F\u00f6rdererkreises senden.<\/p>\n<p><strong>Wie kann ich den Pfadfindern etwas spenden?<\/strong><\/p>\n<p>Gerne nimmt der Tr\u00e4gerverein des Pfadfinderstamms Askola e.V. Geldspenden entgegen, die er f\u00fcr langfristige Anschaffungen (Zelte, Kocher&#8230;) verwendet. Wenn Sie etwas spenden m\u00f6chten, <a href=\"https:\/\/blog.dpsgbretten.de\/?page_id=70\">melden Sie sich einfach bei uns<\/a> &#8211; Nat\u00fcrlich erhalten Sie eine Spendenquittung. Au\u00dferdem sind wir immer auf der Suche nach Sachspenden f\u00fcr unsere Zeltlager (K\u00fcchenmaterialien, Zelte&#8230;).<\/p>\n<p style=\"text-align: left;\">Gut Pfad,<\/p>\n<p style=\"text-align: right;\">Inge Kleiber<\/p>\n<p style=\"text-align: right;\">Vorsitzende des Freundes- und F\u00f6rdererkreis der Georgspfadfinder Bretten<\/p>\n","protected":false},"excerpt":{"rendered":"<p>Liebe Eltern, liebe Ehemalige, liebe Freunde, Wenn wir unsere Schwarzzelte mit ge\u00fcbten Griffen aufbauen, gemeinsam auf gro\u00dfer Fahrt sind oder wenn Kinder und Jugendliche abends mit Begeisterung zusammen singen, sp\u00fcrt <a class=\"more-link\" href=\"https:\/\/blog.dpsgbretten.de\/?page_id=1025\">Continue Reading &rarr;<\/a><\/p>\n","protected":false},"author":1,"featured_media":2052,"parent":1125,"menu_order":99995,"comment_status":"closed","ping_status":"closed","template":"","meta":{"footnotes":""},"class_list":["post-1025","page","type-page","status-publish","has-post-thumbnail","hentry"],"_links":{"self":[{"href":"https:\/\/blog.dpsgbretten.de\/index.php?rest_route=\/wp\/v2\/pages\/1025","targetHints":{"allow":["GET"]}}],"collection":[{"href":"https:\/\/blog.dpsgbretten.de\/index.php?rest_route=\/wp\/v2\/pages"}],"about":[{"href":"https:\/\/blog.dpsgbretten.de\/index.php?rest_route=\/wp\/v2\/types\/page"}],"author":[{"embeddable":true,"href":"https:\/\/blog.dpsgbretten.de\/index.php?rest_route=\/wp\/v2\/users\/1"}],"replies":[{"embeddable":true,"href":"https:\/\/blog.dpsgbretten.de\/index.php?rest_route=%2Fwp%2Fv2%2Fcomments&post=1025"}],"version-history":[{"count":27,"href":"https:\/\/blog.dpsgbretten.de\/index.php?rest_route=\/wp\/v2\/pages\/1025\/revisions"}],"predecessor-version":[{"id":4255,"href":"https:\/\/blog.dpsgbretten.de\/index.php?rest_route=\/wp\/v2\/pages\/1025\/revisions\/4255"}],"up":[{"embeddable":true,"href":"https:\/\/blog.dpsgbretten.de\/index.php?rest_route=\/wp\/v2\/pages\/1125"}],"wp:featuredmedia":[{"embeddable":true,"href":"https:\/\/blog.dpsgbretten.de\/index.php?rest_route=\/wp\/v2\/media\/2052"}],"wp:attachment":[{"href":"https:\/\/blog.dpsgbretten.de\/index.php?rest_route=%2Fwp%2Fv2%2Fmedia&parent=1025"}],"curies":[{"name":"wp","href":"https:\/\/api.w.org\/{rel}","templated":true}]}}