{"id":106,"date":"2008-03-20T11:20:00","date_gmt":"2008-03-20T10:20:00","guid":{"rendered":"http:\/\/blog.dpsgbretten.de\/pfadfinder\/geschichte\/"},"modified":"2023-10-29T12:23:50","modified_gmt":"2023-10-29T10:23:50","slug":"geschichte","status":"publish","type":"page","link":"https:\/\/blog.dpsgbretten.de\/?page_id=106","title":{"rendered":"Geschichte"},"content":{"rendered":"\n<p>Wer die heutige Pfadfinderei in Deutschland verstehen will, der sollte unbedingt deren Geschichte, deren Urspr\u00fcnge kennen. In Deutschland ist dies besonders spannend, da sich in die Traditionen pfadfinderischer Arbeit viele Elemente aus der Jugendbewegung eingemischt haben und sich beide Bewegungen \u00fcber die Zeit hinweg gegenseitig beeinflussten. Ein kurzer Abriss dieser Geschichte kann nur dazu dienen, eine etwaige Vorstellung der Zusammenh\u00e4ngen zu bekommen.<\/p>\n\n\n\n<figure class=\"wp-block-image size-large\"><a href=\"https:\/\/blog.dpsgbretten.de\/wp-content\/uploads\/2023\/10\/image-37.png\"><img loading=\"lazy\" decoding=\"async\" width=\"1024\" height=\"324\" src=\"https:\/\/blog.dpsgbretten.de\/wp-content\/uploads\/2023\/10\/image-37-1024x324.png\" alt=\"\" class=\"wp-image-6164\" srcset=\"https:\/\/blog.dpsgbretten.de\/wp-content\/uploads\/2023\/10\/image-37-1024x324.png 1024w, https:\/\/blog.dpsgbretten.de\/wp-content\/uploads\/2023\/10\/image-37-300x95.png 300w, https:\/\/blog.dpsgbretten.de\/wp-content\/uploads\/2023\/10\/image-37-768x243.png 768w, https:\/\/blog.dpsgbretten.de\/wp-content\/uploads\/2023\/10\/image-37.png 1435w\" sizes=\"auto, (max-width: 1024px) 100vw, 1024px\" \/><\/a><\/figure>\n\n\n\n<p><strong>Scoutismus<\/strong><\/p>\n\n\n\n<p>Anfang des 20.Jahrhunderts fuhr ein ehemaliger englischer Offizier mit einigen Jungen auf eine Insel, um dort gemeinsam in der Wildnis einige Tage zu verbringen. Sein Name war Baden-Powell \u2013 ein Soldat, der zum Pazifisten wurde \u2013 seine Idee entwickelte sich zum Scoutismus, \u00fcbersetzt als Pfadfinderei. Die Idee war f\u00fcr die damalige Zeit revolution\u00e4r: Kindern und Jugendlichen wird erstmals zugetraut, etwas eigenverantwortlich zu unternehmen. Im Mittelpunkt stand das \u201clearning by doing\u201d, also selbst Erfahrungen machen, selbst auszuprobieren. Baden-Powell wollte t\u00fcchtige Staatsb\u00fcrger erziehen: \u201cEin Pfadfinder ist Freund aller Menschen\u201d und \u201ctr\u00e4gt stets ein L\u00e4cheln im Gesicht\u201d.<\/p>\n\n\n\n<figure class=\"wp-block-image size-full is-resized\"><a href=\"https:\/\/blog.dpsgbretten.de\/wp-content\/uploads\/2023\/10\/image-38.png\"><img loading=\"lazy\" decoding=\"async\" width=\"615\" height=\"419\" src=\"https:\/\/blog.dpsgbretten.de\/wp-content\/uploads\/2023\/10\/image-38.png\" alt=\"\" class=\"wp-image-6165\" style=\"aspect-ratio:1.467780429594272;width:247px;height:auto\" srcset=\"https:\/\/blog.dpsgbretten.de\/wp-content\/uploads\/2023\/10\/image-38.png 615w, https:\/\/blog.dpsgbretten.de\/wp-content\/uploads\/2023\/10\/image-38-300x204.png 300w\" sizes=\"auto, (max-width: 615px) 100vw, 615px\" \/><\/a><\/figure>\n\n\n\n<p>Pfadfinder lernten in der Wildnis zu leben, mit Karte und Kompass umzugehen, veranstalteten gro\u00dfe Lager, trugen Fahnen und Banner. Die Uniform der Boyscouts war angelehnt an die Kleidung englischer Polizisten in Kolonialafrika: Hemd, Halstuch, gro\u00dfer Hut,\u2026 Die Idee breitete sich schnell \u00fcber die Grenzen Englands hinaus, auch nach Deutschland, wo sie zun\u00e4chst als paramilit\u00e4rische Organisation missbraucht wurde. F\u00fcr die Pfadfinderei in Deutschland spielten von Beginn an auch christliche Glaubensgemeinschaften eine wichtige Rolle: bis heute gibt es mehr oder weniger starke Schnittstellen zwischen Kirchen und Pfadfinderverb\u00e4nden.<\/p>\n\n\n\n<p>Zeichen der Pfadfinderbewegung weltweit ist die Lilie, die den rechten Weg weist und einen an die 3 Elemente des Pfadfinderversprechens erinnern soll. Das Kleeblatt wurde zum Zeichen der Girl Guides, also dem der Pfadfinderinnen.<br>Wanderv\u00f6gel<\/p>\n\n\n\n<p>Bereits vor der Entstehung der Pfadfinderei in England entwickelte sich in Deutschland eine andere Jugendbewegung. Jungen aus der deutschen B\u00fcrgerschicht, Gymnasiasten, angewidert von der Spiesserei ihrer Eltern, flohen aus der Stadt und gingen gemeinsam auf Wanderschaft. Sie sangen alte Lieder, kleideten sich vagabundisch, entwickelten eine alternative Lebensweise und sahen sich unpolitisch. Geleitet wurde eine Gruppe von einem fast gleichaltrigen, der sich durch seine Pers\u00f6nlichkeit hervorgehoben hatte. Es entwickelten sich Fahrtengemeinschaften, eine der ber\u00fchmtesten war wohl der Wandervogel.<\/p>\n\n\n\n<p>Blau\u00e4ugig zogen viele Wanderv\u00f6gel freiwillig in den 1.Weltkrieg, in dem viele eine gro\u00dfe Fahrt sahen. Nach dem Krieg, formierten sich die \u00fcberlebenden Wanderv\u00f6gel wieder, doch die alte Gemeinschaft kam nie wieder ganz zustande.<\/p>\n\n\n\n<figure class=\"wp-block-image size-large\"><a href=\"https:\/\/blog.dpsgbretten.de\/wp-content\/uploads\/2023\/10\/image-36.png\"><img loading=\"lazy\" decoding=\"async\" width=\"1024\" height=\"439\" src=\"https:\/\/blog.dpsgbretten.de\/wp-content\/uploads\/2023\/10\/image-36-1024x439.png\" alt=\"\" class=\"wp-image-6163\" srcset=\"https:\/\/blog.dpsgbretten.de\/wp-content\/uploads\/2023\/10\/image-36-1024x439.png 1024w, https:\/\/blog.dpsgbretten.de\/wp-content\/uploads\/2023\/10\/image-36-300x129.png 300w, https:\/\/blog.dpsgbretten.de\/wp-content\/uploads\/2023\/10\/image-36-768x329.png 768w, https:\/\/blog.dpsgbretten.de\/wp-content\/uploads\/2023\/10\/image-36.png 1303w\" sizes=\"auto, (max-width: 1024px) 100vw, 1024px\" \/><\/a><\/figure>\n\n\n\n<p><strong>B\u00fcndische Phase<\/strong><\/p>\n\n\n\n<p>Die Zeit zwischen den Kriegen war von einer neuen Entwicklung in der Jugendbewegung gekennzeichnet, der b\u00fcndischen Phase. Doch auch heute noch gibt es Wanderv\u00f6gel.<\/p>\n\n\n\n<p>In Deutschland geschah nun etwas, was unsere Pfadfinderei von der anderer L\u00e4nder in einigen Formen grundlegend unterscheidet. Wandervogel und Pfadfinder beeinflussten sich in hohem Ma\u00dfe, woraus die b\u00fcndische Jugend entstand. Die verschiedenen Formen und B\u00fcnde dieser Zeit zu nennen und zu beschreiben, g\u00e4be Stoff f\u00fcr viele B\u00fccher. Bis in die heutige Zeit streiten sich Pfadfinder und andere B\u00fcnde um den Begriff des B\u00fcndischen.<\/p>\n\n\n\n<p>Wer lebt b\u00fcndisch, wer nicht? Sind es die Formen: die Kohte, das Feuer, die Lieder oder sind es Lebenseinstellungen, oder\u2026? Eine Antwort kann ich an dieser Stelle nicht geben. Aus dieser Zeit entstammen nicht nur die JuJa und die Schwarzeltkultur, sondern auch viele Lieder und neue B\u00fcnde der Jugendbewegung: Deutsche Freischar, dj1.11, andere Jungschaften und Fahrtenb\u00fcnde. Auch heute gibt es aktive B\u00fcnde, die sich in der Tradition dieser Bewegung sehen. Die heutige politische und inhaltliche Richtung der b\u00fcndischen Jugend l\u00e4sst sich allerdings schwer festlegen, zu unterschiedlich ist das Spektrum.<\/p>\n\n\n\n<p><strong>\u2026 und heute??<\/strong><\/p>\n\n\n\n<p>Die deutsche Pfadfinderei ist also ein Produkt aus Scoutismus, Wandervogel und b\u00fcndischer Jugendbewegung. In den 1970er Jahren wurde die Pfadfinderbewegung noch ein weiteres Mal aufger\u00fcttelt. Das studentische und gesellschaftliche Aufbegehren nahm auch vor den Pfadfinderverb\u00e4nden keinen halt. Gerade die interkonfessionellen Pfadfinderbewegung in Deutschland wurde schwer gebeutelt! Waren die interkonfessionellen Pfadfinder bis Ende der 60er Jahre mehr oder weniger in einem Bund vereint (zu diesem Zeitpunkt gab es nat\u00fcrlich auch schon den DPB, die Gro\u00dfen J\u00e4ger\u2026), traten aufgrund der linken Unterwanderung des Bundes Deutscher Pfadfinder zahlreiche St\u00e4mme aus und gr\u00fcndeten den Deutschen Pfadfinderverband. Nach einiger Zeit gingen auch die restlichen Pfadfinderst\u00e4mme aus dem Bund und gr\u00fcndeten den Bund der Pfadfinderinnen und Pfadfinder. Reist man nun durch die Lande, so wird man in jedem einzelnen Stamm, vielleicht sogar bei jedem einzelnen Pfadfinder eine etwas andere Auffassung der Pfadfinderei auffinden. Ein Grund daf\u00fcr liegt sicherlich in der Vielzahl historischer Wurzeln. Dort werden die St\u00e4nde und Proben hochgeschrieben, dort das b\u00fcndische Leben, woanders das christliche Zusammenleben und wieder woanders die gesellschaftliche Mitverantwortung. Die gr\u00f6\u00dften Streitereien entbrennen dort, wo Pfadfinder ihre Auffassung f\u00fcr die einzig g\u00fcltige ansehen und nicht sehen, dass es vielleicht auch das Bunte ist, was unserer Bewegung seine Kraft gibt\u2026<br>\u2026 und der Stamm Askola?<\/p>\n\n\n\n<p><strong>Ist der Stamm Askola nun scoutistisch oder b\u00fcndisch?? Wir sind beides!<\/strong><\/p>\n\n\n\n<p>Die Pfadfinderarbeit unseres Stamms enth\u00e4lt sowohl scoutistische Ans\u00e4tze (Proben, Pfadfindergesetz &amp; Versprechen, Lager, Kluft\u2026), aber auch viele b\u00fcndische Elemente (Singen, Kothe, Wanderfahrten). Die Kombination von beiden Ans\u00e4tzen macht unseren Stamm aus.<\/p>\n","protected":false},"excerpt":{"rendered":"<p>Wer die heutige Pfadfinderei in Deutschland verstehen will, der sollte unbedingt deren Geschichte, deren Urspr\u00fcnge kennen. In Deutschland ist dies besonders spannend, da sich in die Traditionen pfadfinderischer Arbeit viele <a class=\"more-link\" href=\"https:\/\/blog.dpsgbretten.de\/?page_id=106\">Continue Reading &rarr;<\/a><\/p>\n","protected":false},"author":1,"featured_media":2042,"parent":13,"menu_order":5,"comment_status":"closed","ping_status":"closed","template":"","meta":{"footnotes":""},"class_list":["post-106","page","type-page","status-publish","has-post-thumbnail","hentry"],"_links":{"self":[{"href":"https:\/\/blog.dpsgbretten.de\/index.php?rest_route=\/wp\/v2\/pages\/106","targetHints":{"allow":["GET"]}}],"collection":[{"href":"https:\/\/blog.dpsgbretten.de\/index.php?rest_route=\/wp\/v2\/pages"}],"about":[{"href":"https:\/\/blog.dpsgbretten.de\/index.php?rest_route=\/wp\/v2\/types\/page"}],"author":[{"embeddable":true,"href":"https:\/\/blog.dpsgbretten.de\/index.php?rest_route=\/wp\/v2\/users\/1"}],"replies":[{"embeddable":true,"href":"https:\/\/blog.dpsgbretten.de\/index.php?rest_route=%2Fwp%2Fv2%2Fcomments&post=106"}],"version-history":[{"count":7,"href":"https:\/\/blog.dpsgbretten.de\/index.php?rest_route=\/wp\/v2\/pages\/106\/revisions"}],"predecessor-version":[{"id":6166,"href":"https:\/\/blog.dpsgbretten.de\/index.php?rest_route=\/wp\/v2\/pages\/106\/revisions\/6166"}],"up":[{"embeddable":true,"href":"https:\/\/blog.dpsgbretten.de\/index.php?rest_route=\/wp\/v2\/pages\/13"}],"wp:featuredmedia":[{"embeddable":true,"href":"https:\/\/blog.dpsgbretten.de\/index.php?rest_route=\/wp\/v2\/media\/2042"}],"wp:attachment":[{"href":"https:\/\/blog.dpsgbretten.de\/index.php?rest_route=%2Fwp%2Fv2%2Fmedia&parent=106"}],"curies":[{"name":"wp","href":"https:\/\/api.w.org\/{rel}","templated":true}]}}