{"id":108,"date":"2008-03-20T11:56:01","date_gmt":"2008-03-20T10:56:01","guid":{"rendered":"http:\/\/blog.dpsgbretten.de\/pfadfinder\/was-sind-pfadfinder\/"},"modified":"2026-03-21T11:52:27","modified_gmt":"2026-03-21T09:52:27","slug":"was-sind-pfadfinder","status":"publish","type":"page","link":"https:\/\/blog.dpsgbretten.de\/?page_id=108","title":{"rendered":"Was sind Pfadfinder?"},"content":{"rendered":"\n<p><strong>Pfadis \u2013 ein Wanderverein?<\/strong><\/p>\n\n\n\n<p>Nat\u00fcrlich machen wir Lager und Fahrten, aber eben mit \u201cPfadfindertouch\u201d. Das hei\u00dft, wir lassen den Alltag zu Hause und gehen nur mit dem, was wir auf dem R\u00fccken tragen k\u00f6nnen, raus in die Natur. In dieser Freiheit leben wir f\u00fcr eine Weile ohne Luxus, aber auch ohne die Zw\u00e4nge, die wir kennen.<\/p>\n\n\n\n<p><strong>Jeden Tag eine gute Tat?<\/strong><\/p>\n\n\n\n<p>Kommt vor \u2026 aber normalerweise treffen wir uns einmal pro Woche zur Gruppenstunde \u2013 ganz bestimmt auch in Deiner N\u00e4he. Das ist nie langweilig \u2013 wir spielen, singen oder sitzen einfach zusammen und lernen einander besser kennen, alles in einem lockeren Rahmen bei dem der Spa\u00df im Vordergrund steht.<br>Oder wir bereiten unsere n\u00e4chsten Unternehmungen und Abenteuer vor, und wachsen in und mit unseren Aufgaben.<\/p>\n\n\n\n<figure class=\"wp-block-image size-large\"><a href=\"https:\/\/blog.dpsgbretten.de\/wp-content\/uploads\/2023\/10\/image-39.png\"><img loading=\"lazy\" decoding=\"async\" width=\"1024\" height=\"247\" src=\"https:\/\/blog.dpsgbretten.de\/wp-content\/uploads\/2023\/10\/image-39-1024x247.png\" alt=\"\" class=\"wp-image-6169\" srcset=\"https:\/\/blog.dpsgbretten.de\/wp-content\/uploads\/2023\/10\/image-39-1024x247.png 1024w, https:\/\/blog.dpsgbretten.de\/wp-content\/uploads\/2023\/10\/image-39-300x72.png 300w, https:\/\/blog.dpsgbretten.de\/wp-content\/uploads\/2023\/10\/image-39-768x185.png 768w, https:\/\/blog.dpsgbretten.de\/wp-content\/uploads\/2023\/10\/image-39-1536x370.png 1536w, https:\/\/blog.dpsgbretten.de\/wp-content\/uploads\/2023\/10\/image-39.png 1867w\" sizes=\"auto, (max-width: 1024px) 100vw, 1024px\" \/><\/a><\/figure>\n\n\n\n<p><strong>Lust auf Neues?<\/strong><\/p>\n\n\n\n<p>Es gibt bei Auslandsunternehmungen faszinierend, an fremden Orten fremden Menschen mit ungewohnten Br\u00e4uchen zu begegnen und eine ganz andere Gastfreundschaft zu erleben. Wir lassen uns auf fremde Kulturen ein, teilen gerne den Lagerplatz und die Kochk\u00fcnste \u2013 und vor allem auch die Lieder. Freundschaften entstehen wie von selbst und halten oft ein Leben lang. Pfadfinden ist f\u00fcr alle da, \u00fcber gesellschaftliche, kulturelle und nationale Grenzen hinweg.<\/p>\n\n\n\n<p><strong>Wozu die Uniform?<\/strong><\/p>\n\n\n\n<p>Das Pfadfinderhemd und das Halstuch hei\u00dfen bei uns \u201cKluft\u201d. Sie ist keine Uniform, sondern ein pers\u00f6nliches Statement und zeigt \u2013 \u00e4hnlich wie das Trikot einer Fu\u00dfballmannschaft \u2013 dass wir zu der Gemeinschaft der Pfadfinderinnen und Pfadfinder geh\u00f6ren und mit ihnen unseren eigenen Weg gehen.<\/p>\n\n\n\n<p><strong>Und die Pfadfinderregeln?<\/strong><\/p>\n\n\n\n<p>Baden-Powell, der Gr\u00fcnder der Pfadfinderbewegung, hat einmal gesagt, dass wir unsere Welt in bisschen besser hinterlassen sollten, als wir sie vorgefunden haben. Dass das Spa\u00df machen kann, erleben wir immer wieder aufs Neue. Wir sehen das Leben als gro\u00dfes Spiel, das wir nach den Pfadfinderregeln spielen. Diese Regeln sind keine Gesetze, sondern dr\u00fccken unsere Lebenseinstellung aus. An sich selbst glauben und sich auf andere verlassen k\u00f6nnen \u2013 so erreichen wir unsere Ziele, bei den Pfadfindern und auch im Leben.<\/p>\n\n\n\n<figure class=\"wp-block-image size-large\"><a href=\"https:\/\/blog.dpsgbretten.de\/wp-content\/uploads\/2023\/10\/image-40.png\"><img loading=\"lazy\" decoding=\"async\" width=\"1024\" height=\"280\" src=\"https:\/\/blog.dpsgbretten.de\/wp-content\/uploads\/2023\/10\/image-40-1024x280.png\" alt=\"\" class=\"wp-image-6170\" srcset=\"https:\/\/blog.dpsgbretten.de\/wp-content\/uploads\/2023\/10\/image-40-1024x280.png 1024w, https:\/\/blog.dpsgbretten.de\/wp-content\/uploads\/2023\/10\/image-40-300x82.png 300w, https:\/\/blog.dpsgbretten.de\/wp-content\/uploads\/2023\/10\/image-40-768x210.png 768w, https:\/\/blog.dpsgbretten.de\/wp-content\/uploads\/2023\/10\/image-40-1536x420.png 1536w, https:\/\/blog.dpsgbretten.de\/wp-content\/uploads\/2023\/10\/image-40.png 1826w\" sizes=\"auto, (max-width: 1024px) 100vw, 1024px\" \/><\/a><\/figure>\n\n\n\n<p><strong>Pfadis \u2013 f\u00fcr wen ist das?<\/strong><\/p>\n\n\n\n<p>Bei uns finden und engagieren sich die unterschiedlichsten Leute. Jeder kann hier seine F\u00e4higkeiten einbringen und weiterentwickeln. Wer Spa\u00df daran hat, neue Freunde kennen zu lernen, um mit ihnen st\u00e4ndig etwas auf die Beine zu stellen, ist bei uns genau richtig.<\/p>\n\n\n\n<p><strong>Pfadis \u2013 total altmodisch?<\/strong><\/p>\n\n\n\n<p>Das Neue, das Ungewisse, das Abenteuer ist heute genauso spannend wie fr\u00fcher. So gesehen sind wir aus Tradition offen f\u00fcr das Unbekannte \u2013 dass sich M\u00e4dchen und Jungen zutrauen damit zurecht zu kommen, war vor einigen Jahrzehnten au\u00dfergew\u00f6hnlich und ist heute immer noch nicht selbstverst\u00e4ndlich.<\/p>\n\n\n\n<p>Weitere Informationen zu unserem Dachverband, der Deutschen Pfadfinderschaft St. Georg, gibt es auf der <a href=\"http:\/\/www.dpsg.de\">Bundeshomepage<\/a>.<\/p>\n\n\n\n<figure class=\"wp-block-image size-large\"><a href=\"https:\/\/blog.dpsgbretten.de\/wp-content\/uploads\/2024\/07\/image-5.png\"><img loading=\"lazy\" decoding=\"async\" width=\"1024\" height=\"305\" src=\"https:\/\/blog.dpsgbretten.de\/wp-content\/uploads\/2024\/07\/image-5-1024x305.png\" alt=\"\" class=\"wp-image-6461\" srcset=\"https:\/\/blog.dpsgbretten.de\/wp-content\/uploads\/2024\/07\/image-5-1024x305.png 1024w, https:\/\/blog.dpsgbretten.de\/wp-content\/uploads\/2024\/07\/image-5-300x90.png 300w, https:\/\/blog.dpsgbretten.de\/wp-content\/uploads\/2024\/07\/image-5-768x229.png 768w, https:\/\/blog.dpsgbretten.de\/wp-content\/uploads\/2024\/07\/image-5.png 1505w\" sizes=\"auto, (max-width: 1024px) 100vw, 1024px\" \/><\/a><\/figure>\n","protected":false},"excerpt":{"rendered":"<p>Pfadis \u2013 ein Wanderverein? Nat\u00fcrlich machen wir Lager und Fahrten, aber eben mit \u201cPfadfindertouch\u201d. Das hei\u00dft, wir lassen den Alltag zu Hause und gehen nur mit dem, was wir auf <a class=\"more-link\" href=\"https:\/\/blog.dpsgbretten.de\/?page_id=108\">Continue Reading &rarr;<\/a><\/p>\n","protected":false},"author":1,"featured_media":6864,"parent":13,"menu_order":1,"comment_status":"closed","ping_status":"open","template":"","meta":{"footnotes":""},"class_list":["post-108","page","type-page","status-publish","has-post-thumbnail","hentry"],"_links":{"self":[{"href":"https:\/\/blog.dpsgbretten.de\/index.php?rest_route=\/wp\/v2\/pages\/108","targetHints":{"allow":["GET"]}}],"collection":[{"href":"https:\/\/blog.dpsgbretten.de\/index.php?rest_route=\/wp\/v2\/pages"}],"about":[{"href":"https:\/\/blog.dpsgbretten.de\/index.php?rest_route=\/wp\/v2\/types\/page"}],"author":[{"embeddable":true,"href":"https:\/\/blog.dpsgbretten.de\/index.php?rest_route=\/wp\/v2\/users\/1"}],"replies":[{"embeddable":true,"href":"https:\/\/blog.dpsgbretten.de\/index.php?rest_route=%2Fwp%2Fv2%2Fcomments&post=108"}],"version-history":[{"count":8,"href":"https:\/\/blog.dpsgbretten.de\/index.php?rest_route=\/wp\/v2\/pages\/108\/revisions"}],"predecessor-version":[{"id":6462,"href":"https:\/\/blog.dpsgbretten.de\/index.php?rest_route=\/wp\/v2\/pages\/108\/revisions\/6462"}],"up":[{"embeddable":true,"href":"https:\/\/blog.dpsgbretten.de\/index.php?rest_route=\/wp\/v2\/pages\/13"}],"wp:featuredmedia":[{"embeddable":true,"href":"https:\/\/blog.dpsgbretten.de\/index.php?rest_route=\/wp\/v2\/media\/6864"}],"wp:attachment":[{"href":"https:\/\/blog.dpsgbretten.de\/index.php?rest_route=%2Fwp%2Fv2%2Fmedia&parent=108"}],"curies":[{"name":"wp","href":"https:\/\/api.w.org\/{rel}","templated":true}]}}