{"id":11,"date":"2007-02-12T18:01:30","date_gmt":"2007-02-12T16:01:30","guid":{"rendered":"http:\/\/blog.dpsgbretten.de\/?page_id=11"},"modified":"2023-10-04T11:44:08","modified_gmt":"2023-10-04T09:44:08","slug":"in-bretten","status":"publish","type":"page","link":"https:\/\/blog.dpsgbretten.de\/?page_id=11","title":{"rendered":"in Bretten"},"content":{"rendered":"<p>Mit den ersten Gruppenstunden im April 2007 gibt es in Bretten wieder Georgspfadfinder. Vier Monate sp\u00e4ter, am 3. August 2007 wird die Siedlung in die DPSG aufgenommen und am 23. Mai 2009 als Stamm von der Bezirksleitung anerkannt.<\/p>\n<p>Mittlerweile besteht unser Pfadfinderstamm aus vier Stufen (W\u00f6lflinge, Jungpfadfinder, Pfadfinder und Rover), einer Leiterrunde und einem Freundes- und F\u00f6rdererkreis. Au\u00dferdem treffen sich unsere Mitglieder zu Neigungsgruppen: Dem Singekreis, dem Pfadfindersport und zum Gitarrenspielen.<\/p>\n","protected":false},"excerpt":{"rendered":"<p>Mit den ersten Gruppenstunden im April 2007 gibt es in Bretten wieder Georgspfadfinder. Vier Monate sp\u00e4ter, am 3. August 2007 wird die Siedlung in die DPSG aufgenommen und am 23. <a class=\"more-link\" href=\"https:\/\/blog.dpsgbretten.de\/?page_id=11\">Continue Reading &rarr;<\/a><\/p>\n","protected":false},"author":1,"featured_media":0,"parent":0,"menu_order":2,"comment_status":"closed","ping_status":"open","template":"","meta":{"footnotes":""},"class_list":["post-11","page","type-page","status-publish","hentry"],"_links":{"self":[{"href":"https:\/\/blog.dpsgbretten.de\/index.php?rest_route=\/wp\/v2\/pages\/11","targetHints":{"allow":["GET"]}}],"collection":[{"href":"https:\/\/blog.dpsgbretten.de\/index.php?rest_route=\/wp\/v2\/pages"}],"about":[{"href":"https:\/\/blog.dpsgbretten.de\/index.php?rest_route=\/wp\/v2\/types\/page"}],"author":[{"embeddable":true,"href":"https:\/\/blog.dpsgbretten.de\/index.php?rest_route=\/wp\/v2\/users\/1"}],"replies":[{"embeddable":true,"href":"https:\/\/blog.dpsgbretten.de\/index.php?rest_route=%2Fwp%2Fv2%2Fcomments&post=11"}],"version-history":[{"count":11,"href":"https:\/\/blog.dpsgbretten.de\/index.php?rest_route=\/wp\/v2\/pages\/11\/revisions"}],"predecessor-version":[{"id":5792,"href":"https:\/\/blog.dpsgbretten.de\/index.php?rest_route=\/wp\/v2\/pages\/11\/revisions\/5792"}],"wp:attachment":[{"href":"https:\/\/blog.dpsgbretten.de\/index.php?rest_route=%2Fwp%2Fv2%2Fmedia&parent=11"}],"curies":[{"name":"wp","href":"https:\/\/api.w.org\/{rel}","templated":true}]}}