{"id":1579,"date":"2010-12-30T09:59:48","date_gmt":"2010-12-30T08:59:48","guid":{"rendered":"http:\/\/blog.dpsgbretten.de\/?page_id=1579"},"modified":"2016-04-13T19:48:53","modified_gmt":"2016-04-13T19:48:53","slug":"das-jahr-2011","status":"publish","type":"page","link":"https:\/\/blog.dpsgbretten.de\/?page_id=1579","title":{"rendered":"Das Jahr 2011"},"content":{"rendered":"<p><strong>Auch 2011 war Mittwochs Gruppenstundentag bei den Pfadfindern! \u2013 Alle f\u00fcnf Kinder- und Jugendgruppen trafen sich im Stammesheim. Monatlich konnten Askolaner ab der Jupfistufe am Pfadisport und der Singerunde teilnehmen. Dar\u00fcber hinaus ging der Stamm auf Fahrt und Lager \u2013 Davon berichten wir hier:<\/strong><\/p>\n<p>Die j\u00fcngsten Stammesmitglieder, die Biber, er\u00f6ffneten die Lagersaison am 3. Januar mit ihrer <a href=\"https:\/\/blog.dpsgbretten.de\/?p=1604\">ersten \u00dcbernachtungsaktion im Stammesheim<\/a>: Schlittschuhfahren und eine Nachtwanderung standen auf dem Programm.\u00a0 Einen Tag sp\u00e4ter waren alle Askolaner ab der W\u00f6lflingsstufe zum <a href=\"https:\/\/blog.dpsgbretten.de\/?p=1611\">Winterlager<\/a> in das Pfadfinderheim Raum\u00fcnzach eingeladen.<\/p>\n<p>In den ersten zwei Monaten \u00fcbernachteten mehrere Gruppen im Stamesheim: Die Sippe Pandab\u00e4ren, die Jungpfadfinder und die Pfadfinderstufe \u00fcbernachteten an verschiedenen Wochenenden im Stammesheim.<\/p>\n<p>Einen Doppelsieg konnten die Georgspfadfinder im Februar f\u00fcr sich verbuchen: So siegten die Jungpfadfinder in der Mini- und die Pfadfinder in der Maxi-Kategorie des <a href=\"https:\/\/blog.dpsgbretten.de\/?p=1632\">4. Brettener V\u00f6lkerballturniers<\/a>. In den Faschingsferien konnten die Biber und W\u00f6lflinge am Kinderfasching der Pfarrgemeinde teilnehmen, ein Teil der Pfadfinderstufe traf sich zu einer Bauh\u00fctte und werkelte im Dachboden des Stammesheims. Die erste Radeltour des Stamms f\u00fcr alle \u00e4ltere W\u00f6lflinge, Jupfis und Pfadis f\u00fchrte die Teilnehmer von\u00a0 Bad Wildbad nach M\u00fchlacker immer der Enz entlang. Eine weitere Tages-Radeltour entlang der Murg folgte.<br \/>\nAm Treffen des Untermerzbacher Kreises \u2013 einer Leiterfortbildung &#8211; nahmen Erik, Kelly und Zeus teil. In den Osterferien radelten an drei Tagen Jupfis und Pfadis den Nagold-Radweg von Nagold \u00fcber Pforzheim bis nach Bretten. Im Mai wurde der Materialkeller, sowie der Materialboden um- und aufger\u00e4umt.<\/p>\n<p>Mit siebzig Georgspfadfindern ging es dann Ende Mai auf das bisher gr\u00f6\u00dfte Stammeszeltlager: Sogar eine Sau wurde gegrillt.\u00a0 Mit dem Stufensprung kam wieder Bewegung in den Stamm: Zum ersten Mal entstand eine Roverrunde. Au\u00dferdem bekam unser Pfadi-Leiter Hans sein Woodbadge-Halstuch verliehen.<br \/>\nSchon traditionell kann man die Teilnahme einer 17k\u00f6pfigen Abordnung an der Fronleichnamsprozession sehen.<br \/>\nZum Jugendleiter wurden in den Pfingstferien Hacki, Jenny, Kelly und Zeus ausgebildet: Sie besuchten den Woodbadge-Modulkurs des Bezirks Karlsruhe.<br \/>\nIn den Sommerferien gingen alle Stammesmitglieder ab der Jungpfadfinderstufe\u00a0 gemeinsam auf gro\u00dfe Fahrt: In diesem Jahr nach Schweden. Neben mehrt\u00e4gigen Kanu- und Wandertouren besuchten die\u00a0 35 Askolaner das gr\u00f6\u00dfte Pfadfinderzeltlager der Welt: Das World Jamboree.<br \/>\nF\u00fcr daheimgebliebene Askolaner organisierte die Leiterrunde ein offenes Pfadi-Ferien-Programm mit Gel\u00e4ndespielen, Lagerfeuer und einem DVD-Abend.<br \/>\nAm Ende der Sommerferien fuhren die Jungpfadfinder auf ihr Zeltlager nach Bruchsal und die W\u00f6lflinge auf ihr Sommerlager nach Raum\u00fcnzach.<br \/>\nAlle Gruppenleiter und Mitarbeiter trafen sich Anfang September zur JAPLATA \u2013 der Jahresplanungstagung und erarbeiteten gemeinsam Stammesziele f\u00fcr das Jahr 2012.<br \/>\nAm Papstbesuch in Freiburg nahmen ein dutzend Askolaner als Helfer mit Herz teil \u2013 Sie verteilten Schokolade, Tee und Wasser an die Pilger und erlebten ein besonderes Wochenende.<br \/>\nZum Event, dem Leiterwochenende der Di\u00f6zese, fuhren drei Leiter &#8211; Erik, Kelly und Zeus.<br \/>\nUnser Stammeskurat und Gemeindepfarrer Baader wurde Ende Oktober in den wohlverdienten Ruhestand verabschiedet. 30 Stammes-mitglieder aus allen Stufen nahmen am Gottesdienst teil.<br \/>\nDie Herbstferien nutzten die Gruppen f\u00fcr eigene Aktivit\u00e4ten:<br \/>\nDie W\u00f6lflinge und <a href=\"https:\/\/blog.dpsgbretten.de\/?p=1951\">Pfadfinder<\/a> lagerten im Schwarzwald, <a href=\"https:\/\/blog.dpsgbretten.de\/?p=1936\">Biber<\/a>, Jungpfadfinder und Rover blieben \u00fcber Nacht im Stammesheim. Zum ersten Mal engangierte sich unser Pfadfinderstamm beim <a href=\"https:\/\/blog.dpsgbretten.de\/?p=1941\">Martinsumzug<\/a>.<br \/>\nKr\u00e4ftig gebacken wurde in der Weihnachtsb\u00e4ckerei f\u00fcr unseren <a href=\"https:\/\/blog.dpsgbretten.de\/?p=1957\">Pfadfinderstand auf dem Brettener Weihnachtsmarkt<\/a> am zweiten Adventswochenende. Mitglieder aus allen Stufen betreuten den Pfadi-Stand.<br \/>\nAls ein Verband in der Kirche m\u00f6chten wir dabei sein, wenn etwas in der Kirchengemeinde passiert: Daher nahmen rund 30 Pfadis an der Erhebung der neuen Seelsorgeeinheit und der Amtseinf\u00fchrung des neuen Pfarrteams Maiba (Pfarrer) und Schleicher (Kooperator) teil. Zuvor trafen man sich zu einem Pfadfinder-Kino im Stammesheim.<br \/>\nDa es in Bretten immer noch keine echten Schoko-Nikol\u00e4use zu kaufen gibt, boten wir im Anschluss an den Gottesdienst echte Schoko-Nikol\u00e4use zum Verkauf im Rahmen der BDKJ-Aktion \u201eWeihnachtsmannfreie Zone\u201c an.<\/p>\n<p>Rund 15 Familen nutzten den <a href=\"https:\/\/blog.dpsgbretten.de\/?p=1959\">Nikolaus-Besuchsdienst der Rover<\/a> zum Nikolaustag.<br \/>\nDas <a href=\"https:\/\/blog.dpsgbretten.de\/?p=1962\">Friedenslicht <\/a>verteilten wir in diesem Jahr an die Gemeinde, die Realschule und dem Gemeinderat. Das Jahr endete mit dem verdienten Weihnachtsessen der Leiterrunde \u2013 diesj\u00e4hrig im Rotenberger Hof.<\/p>\n","protected":false},"excerpt":{"rendered":"<p>Auch 2011 war Mittwochs Gruppenstundentag bei den Pfadfindern! \u2013 Alle f\u00fcnf Kinder- und Jugendgruppen trafen sich im Stammesheim. Monatlich konnten Askolaner ab der Jupfistufe am Pfadisport und der Singerunde teilnehmen. <a class=\"more-link\" href=\"https:\/\/blog.dpsgbretten.de\/?page_id=1579\">Continue Reading &rarr;<\/a><\/p>\n","protected":false},"author":1,"featured_media":1908,"parent":82,"menu_order":28,"comment_status":"closed","ping_status":"open","template":"","meta":{"footnotes":""},"class_list":["post-1579","page","type-page","status-publish","has-post-thumbnail","hentry"],"_links":{"self":[{"href":"https:\/\/blog.dpsgbretten.de\/index.php?rest_route=\/wp\/v2\/pages\/1579","targetHints":{"allow":["GET"]}}],"collection":[{"href":"https:\/\/blog.dpsgbretten.de\/index.php?rest_route=\/wp\/v2\/pages"}],"about":[{"href":"https:\/\/blog.dpsgbretten.de\/index.php?rest_route=\/wp\/v2\/types\/page"}],"author":[{"embeddable":true,"href":"https:\/\/blog.dpsgbretten.de\/index.php?rest_route=\/wp\/v2\/users\/1"}],"replies":[{"embeddable":true,"href":"https:\/\/blog.dpsgbretten.de\/index.php?rest_route=%2Fwp%2Fv2%2Fcomments&post=1579"}],"version-history":[{"count":17,"href":"https:\/\/blog.dpsgbretten.de\/index.php?rest_route=\/wp\/v2\/pages\/1579\/revisions"}],"predecessor-version":[{"id":2661,"href":"https:\/\/blog.dpsgbretten.de\/index.php?rest_route=\/wp\/v2\/pages\/1579\/revisions\/2661"}],"up":[{"embeddable":true,"href":"https:\/\/blog.dpsgbretten.de\/index.php?rest_route=\/wp\/v2\/pages\/82"}],"wp:featuredmedia":[{"embeddable":true,"href":"https:\/\/blog.dpsgbretten.de\/index.php?rest_route=\/wp\/v2\/media\/1908"}],"wp:attachment":[{"href":"https:\/\/blog.dpsgbretten.de\/index.php?rest_route=%2Fwp%2Fv2%2Fmedia&parent=1579"}],"curies":[{"name":"wp","href":"https:\/\/api.w.org\/{rel}","templated":true}]}}