{"id":2361,"date":"2012-09-27T22:06:01","date_gmt":"2012-09-27T20:06:01","guid":{"rendered":"http:\/\/blog.dpsgbretten.de\/?page_id=2361"},"modified":"2023-10-03T15:46:39","modified_gmt":"2023-10-03T13:46:39","slug":"kanuverleih","status":"publish","type":"page","link":"https:\/\/blog.dpsgbretten.de\/?page_id=2361","title":{"rendered":"Kanuverleih"},"content":{"rendered":"<p style=\"text-align: left;\" align=\"center\">Nachdem wir mehrere Jahre lang regelm\u00e4\u00dfig Kanus f\u00fcr unsere Gro\u00dffahrten mieteten, entschlossen wir uns 2012 selbst Kanus f\u00fcr unseren Pfadfinderstamm anzuschaffen. Seitdem ist der Tr\u00e4gerverein des Pfadfinderstamms Askola e.V. Bootseigent\u00fcmer!<\/p>\n<p>Da wir nicht 365 Tage im Jahr Kanu fahren (k\u00f6nnen), verleihen wir gerne unsere Kanus gegen einen geringen Obulus:<\/p>\n<p>Zur Verf\u00fcgung stehen:<\/p>\n<ul>\n<li>sechs Kanus mit jeweils 3 Sitzpl\u00e4tzen,<\/li>\n<li>20 Paddel<\/li>\n<li>20 Schwimmwesten (verschiedene Gr\u00f6\u00dfen)<\/li>\n<li>ein Kanu-Trailer (H\u00f6chstgeschwindigkeit in Deutschland: 80km\/h!!)<\/li>\n<\/ul>\n<p>&#8230; so dass man mit maximal 18 Personen (6 Kanus * 3 Sitzpl\u00e4tze) auf Fahrt gehen kann!<\/p>\n<p>Zur Refinanzierung der laufenden Ausgaben (z.B. Versicherung des Anh\u00e4ngers) erlauben wir uns folgende Geb\u00fchren in Rechnung zu stellen:<\/p>\n<ul>\n<li><b>Tagespauschale:<\/b> je Kanu 15 \u20ac, alle 6 Kanus zusammen inkl. Trailer 80 \u20ac<\/li>\n<li><b>Wochenendpauschale (Fr \u2013 So):<\/b> je Kanu 30 \u20ac, Alle 6 Kanus zusammen inkl. Trailer: 160 \u20ac<\/li>\n<li><b>5-Tages-Pauschale:<\/b> je Kanu 40 \u20ac, alle 6 Kanus zusammen inkl. Trailer: 200 \u20ac<\/li>\n<li><b>7-Tages-Pauschale:<\/b> je Kanu 50 \u20ac oder alle 6 Kanus zusammen inkl. Trailer: 240 \u20ac<\/li>\n<li><b>2 Wochen: <\/b>350 Euro f\u00fcr alle 6 Kanus inkl. Trailer<\/li>\n<\/ul>\n<p>Den Trailer stellen wir kostenfrei zum Transport der Kanus zur Verf\u00fcgung.<\/p>\n<p>Stammesmitglieder und ihre Eltern k\u00f6nnen die Kanus preiswerter ausleihen:<\/p>\n<ul>\n<li><b>Tagespauschale:<\/b> 10 \u20ac je Kanu, alle 6 Kanus zusammen inkl. Trailer 60 \u20ac<\/li>\n<li><b>Wochenendpauschale (Fr- So):<\/b> 20 \u20ac je Kanu, alle 6 Kanus zusammen inkl. Trailer 100 \u20ac<\/li>\n<li><b>5-Tages-Pauschale:<\/b> je Kanu 30 \u20ac, alle 6 Kanus zusammn inkl. Trailer 150 \u20ac<\/li>\n<li><b>7-Tages-Pauschale:<\/b> je Kanu 40 \u20ac, alle 6 Kanus zusammen inkl. Trailer 180 \u20ac<\/li>\n<li><strong>2-Wochen-Pauschale:<\/strong><span class=\"Apple-converted-space\">\u00a0 <\/span>je Kanu 50 \u20ac, alle 6 Kanus zusammen inkl. Trailer 250 \u20ac<\/li>\n<\/ul>\n<p>Mitglieder der Leiterrunde wenden sich an den Stammesvorstand.<\/p>\n<p>Bei Interesse melden Sie sich einfach bei uns \u00fcber unser Kontaktformular (aktuell: \u00fcber Kontaktfeld, telefonisch):<\/p>\n<p style=\"text-align: right;\"><em>Kontaktformular folgt!<\/em><\/p>\n<p style=\"text-align: left;\" align=\"center\"><strong>Zeltverleih<\/strong><\/p>\n<p style=\"text-align: left;\" align=\"center\">Wir besitzen eine Vielzahl von Zelten aller Gr\u00f6\u00dfen, welche wir an unsere Stammesmitglieder und ihre Eltern in der Regel kostenfrei, an Jugendgruppen oder andere soziale Einrichtungen aber auch an Privatpersonen gegen eine Kostenerstattung verleihen. In unserem Materiallager haben wir drei Jurten, zwei Jurtenhalbd\u00e4cher, 8 Kothen, 3 Wei\u00dfzelte und ein Ger\u00fcstzelt. Sprechen Sie uns an!<\/p>\n\n\n<p><\/p>\n\n\n\n<p><\/p>\n\n\n\n<p><\/p>\n\n\n\n<figure class=\"wp-block-image size-large\"><img loading=\"lazy\" decoding=\"async\" width=\"883\" height=\"1005\" src=\"https:\/\/blog.dpsgbretten.de\/wp-content\/uploads\/2020\/03\/9d50fda8-39ac-4652-9af7-b99a8db1e9db.jpg\" alt=\"\" class=\"wp-image-5090\" srcset=\"https:\/\/blog.dpsgbretten.de\/wp-content\/uploads\/2020\/03\/9d50fda8-39ac-4652-9af7-b99a8db1e9db.jpg 883w, https:\/\/blog.dpsgbretten.de\/wp-content\/uploads\/2020\/03\/9d50fda8-39ac-4652-9af7-b99a8db1e9db-264x300.jpg 264w, https:\/\/blog.dpsgbretten.de\/wp-content\/uploads\/2020\/03\/9d50fda8-39ac-4652-9af7-b99a8db1e9db-768x874.jpg 768w\" sizes=\"auto, (max-width: 883px) 100vw, 883px\" \/><figcaption class=\"wp-element-caption\">Gro\u00dffahrt 2019: Unsere Kanus in Italien<\/figcaption><\/figure>\n\n\n\n<p><\/p>\n\n\n\n<p><\/p>\n\n\n\n<figure class=\"wp-block-image size-large\"><img loading=\"lazy\" decoding=\"async\" width=\"1024\" height=\"768\" src=\"https:\/\/blog.dpsgbretten.de\/wp-content\/uploads\/2020\/03\/IMG_2306-1-1024x768.jpg\" alt=\"\" class=\"wp-image-5089\" srcset=\"https:\/\/blog.dpsgbretten.de\/wp-content\/uploads\/2020\/03\/IMG_2306-1-1024x768.jpg 1024w, https:\/\/blog.dpsgbretten.de\/wp-content\/uploads\/2020\/03\/IMG_2306-1-300x225.jpg 300w, https:\/\/blog.dpsgbretten.de\/wp-content\/uploads\/2020\/03\/IMG_2306-1-768x576.jpg 768w, https:\/\/blog.dpsgbretten.de\/wp-content\/uploads\/2020\/03\/IMG_2306-1.jpg 1280w\" sizes=\"auto, (max-width: 1024px) 100vw, 1024px\" \/><figcaption class=\"wp-element-caption\">Gro\u00dffahrt 2017: Unsere Kanus auf der Moldau<\/figcaption><\/figure>\n\n\n\n<p><\/p>\n\n\n\n<figure class=\"wp-block-image size-large\"><img loading=\"lazy\" decoding=\"async\" width=\"1024\" height=\"682\" src=\"https:\/\/blog.dpsgbretten.de\/wp-content\/uploads\/2020\/03\/IMG_2143-1024x682.jpg\" alt=\"\" class=\"wp-image-5092\" srcset=\"https:\/\/blog.dpsgbretten.de\/wp-content\/uploads\/2020\/03\/IMG_2143-1024x682.jpg 1024w, https:\/\/blog.dpsgbretten.de\/wp-content\/uploads\/2020\/03\/IMG_2143-300x200.jpg 300w, https:\/\/blog.dpsgbretten.de\/wp-content\/uploads\/2020\/03\/IMG_2143-768x512.jpg 768w, https:\/\/blog.dpsgbretten.de\/wp-content\/uploads\/2020\/03\/IMG_2143-400x267.jpg 400w, https:\/\/blog.dpsgbretten.de\/wp-content\/uploads\/2020\/03\/IMG_2143.jpg 1280w\" sizes=\"auto, (max-width: 1024px) 100vw, 1024px\" \/><figcaption class=\"wp-element-caption\">Kanutour 2017<\/figcaption><\/figure>\n\n\n<div class=\"wp-block-image\">\n<figure class=\"aligncenter\"><img loading=\"lazy\" decoding=\"async\" width=\"300\" height=\"200\" src=\"https:\/\/blog.dpsgbretten.de\/wp-content\/uploads\/2012\/09\/sued2014-300x200.jpg\" alt=\"\" class=\"wp-image-3765\" srcset=\"https:\/\/blog.dpsgbretten.de\/wp-content\/uploads\/2012\/09\/sued2014-300x200.jpg 300w, https:\/\/blog.dpsgbretten.de\/wp-content\/uploads\/2012\/09\/sued2014-768x512.jpg 768w, https:\/\/blog.dpsgbretten.de\/wp-content\/uploads\/2012\/09\/sued2014-1024x683.jpg 1024w, https:\/\/blog.dpsgbretten.de\/wp-content\/uploads\/2012\/09\/sued2014-750x500.jpg 750w\" sizes=\"auto, (max-width: 300px) 100vw, 300px\" \/><\/figure>\n<\/div>\n\n\n<p class=\"has-text-align-center\">S\u00fcdfrankreich 2014<\/p>\n\n\n<div class=\"wp-block-image\">\n<figure class=\"aligncenter\"><img decoding=\"async\" src=\"https:\/\/blog.dpsgbretten.de\/wp-content\/uploads\/2012\/09\/img_4178.jpg\" alt=\"IMG 4178\"\/><\/figure>\n<\/div>\n\n\n<p class=\"has-text-align-center\">Askola-Kanus auf der Tarn (08\/2012)<\/p>\n\n\n<div class=\"wp-block-image\">\n<figure class=\"aligncenter\"><img decoding=\"async\" src=\"https:\/\/blog.dpsgbretten.de\/wp-content\/uploads\/2012\/09\/dsc01451.jpg\" alt=\"DSC01451\"\/><\/figure>\n<\/div>\n\n\n<p class=\"has-text-align-center\">Der Kanutrailer im Schwarzwald (09\/2012)<\/p>\n","protected":false},"excerpt":{"rendered":"<p>Nachdem wir mehrere Jahre lang regelm\u00e4\u00dfig Kanus f\u00fcr unsere Gro\u00dffahrten mieteten, entschlossen wir uns 2012 selbst Kanus f\u00fcr unseren Pfadfinderstamm anzuschaffen. Seitdem ist der Tr\u00e4gerverein des Pfadfinderstamms Askola e.V. Bootseigent\u00fcmer! <a class=\"more-link\" href=\"https:\/\/blog.dpsgbretten.de\/?page_id=2361\">Continue Reading &rarr;<\/a><\/p>\n","protected":false},"author":1,"featured_media":2364,"parent":2381,"menu_order":999999999,"comment_status":"closed","ping_status":"closed","template":"","meta":{"footnotes":""},"class_list":["post-2361","page","type-page","status-publish","has-post-thumbnail","hentry"],"_links":{"self":[{"href":"https:\/\/blog.dpsgbretten.de\/index.php?rest_route=\/wp\/v2\/pages\/2361","targetHints":{"allow":["GET"]}}],"collection":[{"href":"https:\/\/blog.dpsgbretten.de\/index.php?rest_route=\/wp\/v2\/pages"}],"about":[{"href":"https:\/\/blog.dpsgbretten.de\/index.php?rest_route=\/wp\/v2\/types\/page"}],"author":[{"embeddable":true,"href":"https:\/\/blog.dpsgbretten.de\/index.php?rest_route=\/wp\/v2\/users\/1"}],"replies":[{"embeddable":true,"href":"https:\/\/blog.dpsgbretten.de\/index.php?rest_route=%2Fwp%2Fv2%2Fcomments&post=2361"}],"version-history":[{"count":30,"href":"https:\/\/blog.dpsgbretten.de\/index.php?rest_route=\/wp\/v2\/pages\/2361\/revisions"}],"predecessor-version":[{"id":5783,"href":"https:\/\/blog.dpsgbretten.de\/index.php?rest_route=\/wp\/v2\/pages\/2361\/revisions\/5783"}],"up":[{"embeddable":true,"href":"https:\/\/blog.dpsgbretten.de\/index.php?rest_route=\/wp\/v2\/pages\/2381"}],"wp:featuredmedia":[{"embeddable":true,"href":"https:\/\/blog.dpsgbretten.de\/index.php?rest_route=\/wp\/v2\/media\/2364"}],"wp:attachment":[{"href":"https:\/\/blog.dpsgbretten.de\/index.php?rest_route=%2Fwp%2Fv2%2Fmedia&parent=2361"}],"curies":[{"name":"wp","href":"https:\/\/api.w.org\/{rel}","templated":true}]}}