{"id":25,"date":"2007-02-21T20:05:37","date_gmt":"2007-02-21T19:05:37","guid":{"rendered":"http:\/\/blog.dpsgbretten.de\/?page_id=25"},"modified":"2023-10-08T13:12:36","modified_gmt":"2023-10-08T11:12:36","slug":"impressum","status":"publish","type":"page","link":"https:\/\/blog.dpsgbretten.de\/?page_id=25","title":{"rendered":"&#8230; das Impressum lesen"},"content":{"rendered":"<p>Diese Homepage wird gemeinsam vom Stamm Askola Bretten der Deutschen Pfadfinderschaft Sankt Georg und dem Tr\u00e4gerverein des Pfadfinderstamms Askola e.V. herausgegeben.<\/p>\n<p><strong>Kontakt:<\/strong><\/p>\n<p>DPSG\u00a0 Pfadfinderstamm Askola e.V.<br \/>\nPostweg 55<br \/>\n75015 Bretten<br \/>\nDeutschland<br \/>\nTel.: 017663849570<\/p>\n<p>E-Mail: kontakt@pfadfinder-bretten.de<\/p>\n<p>Website: https:\/\/blog.dpsgbretten.de\/<\/p>\n<p><strong>Datenschutzhinweise<\/strong><\/p>\n<p>Nach \u00a7 28 Abs.3 Bundesdatenschutzgesetz widersprechen wir der Nutzung unserer Daten f\u00fcr Werbezwecke oder f\u00fcr die Markt- und Meinungsforschung.<\/p>\n<p><strong>Urheberrechtshinweise<\/strong><\/p>\n<p>Der Inhalt dieser Homepage (inkl. Fotos, Grafiken, Layout) ist nach dem deutschen Urheberrecht gesch\u00fctzt. Ohne Einverst\u00e4ndnis ist jegliche Ver\u00f6ffentlichung unzuzul\u00e4ssig (\u00a7 17 UrhG); ein Versto\u00df ist strafbar.<\/p>\n<p>Ein Teil des Beitrags &#8222;Musisches&#8220; stammt vom BdP Stamm Goldener Reiter, Dresden (<a href=\"http:\/\/dresden.sachsen.pfadfinden.de\">URL<\/a>). Der Text ist als CC-BY-SA lizenziert. Vielen Dank, dass wir den Text nutzen d\u00fcrfen.<\/p>\n<p><strong>Links<\/strong><\/p>\n<p>Mit Urteil vom 12. Mai 1998 hat das Landgericht Hamburg entschieden, dass man durch die Ausbringung eines Links die Inhalte der gelinkten Seite ggf. mit zu verantworten hat. Dies kann &#8211; so das LG &#8211; nur dadurch verhindert werden, dass man sich ausdr\u00fccklich von diesen Inhalten distanziert.<\/p>\n<p>Wir haben auf dieser Webseite Links zu anderen Seiten im Internet gelegt. F\u00fcr alle diese Links gilt: Wir m\u00f6chten ausdr\u00fccklich betonen, dass wir und der Provider keinerlei Einfluss auf die Gestaltung und die Inhalte der gelinkten Seiten habe.<\/p>\n<p>Deshalb distanzieren wir uns hiermit ausdr\u00fccklich von allen Inhalten aller gelinkten Seiten auf dieser Webseite.<\/p>\n<p>Diese Erkl\u00e4rung gilt f\u00fcr alle auf dieser Homepage ausgebrachten Links und f\u00fcr alle Inhalte der Seiten, zu denen die Links oder Banner f\u00fchren.<\/p>\n","protected":false},"excerpt":{"rendered":"<p>Diese Homepage wird gemeinsam vom Stamm Askola Bretten der Deutschen Pfadfinderschaft Sankt Georg und dem Tr\u00e4gerverein des Pfadfinderstamms Askola e.V. herausgegeben. Kontakt: DPSG\u00a0 Pfadfinderstamm Askola e.V. Postweg 55 75015 Bretten <a class=\"more-link\" href=\"https:\/\/blog.dpsgbretten.de\/?page_id=25\">Continue Reading &rarr;<\/a><\/p>\n","protected":false},"author":1,"featured_media":0,"parent":1125,"menu_order":999999999,"comment_status":"closed","ping_status":"closed","template":"","meta":{"footnotes":""},"class_list":["post-25","page","type-page","status-publish","hentry"],"_links":{"self":[{"href":"https:\/\/blog.dpsgbretten.de\/index.php?rest_route=\/wp\/v2\/pages\/25","targetHints":{"allow":["GET"]}}],"collection":[{"href":"https:\/\/blog.dpsgbretten.de\/index.php?rest_route=\/wp\/v2\/pages"}],"about":[{"href":"https:\/\/blog.dpsgbretten.de\/index.php?rest_route=\/wp\/v2\/types\/page"}],"author":[{"embeddable":true,"href":"https:\/\/blog.dpsgbretten.de\/index.php?rest_route=\/wp\/v2\/users\/1"}],"replies":[{"embeddable":true,"href":"https:\/\/blog.dpsgbretten.de\/index.php?rest_route=%2Fwp%2Fv2%2Fcomments&post=25"}],"version-history":[{"count":15,"href":"https:\/\/blog.dpsgbretten.de\/index.php?rest_route=\/wp\/v2\/pages\/25\/revisions"}],"predecessor-version":[{"id":5817,"href":"https:\/\/blog.dpsgbretten.de\/index.php?rest_route=\/wp\/v2\/pages\/25\/revisions\/5817"}],"up":[{"embeddable":true,"href":"https:\/\/blog.dpsgbretten.de\/index.php?rest_route=\/wp\/v2\/pages\/1125"}],"wp:attachment":[{"href":"https:\/\/blog.dpsgbretten.de\/index.php?rest_route=%2Fwp%2Fv2%2Fmedia&parent=25"}],"curies":[{"name":"wp","href":"https:\/\/api.w.org\/{rel}","templated":true}]}}