{"id":3192,"date":"2015-08-16T10:11:07","date_gmt":"2015-08-16T10:11:07","guid":{"rendered":"http:\/\/blog.dpsgbretten.de\/?page_id=3192"},"modified":"2016-04-13T19:49:31","modified_gmt":"2016-04-13T19:49:31","slug":"das-jahr-2014","status":"publish","type":"page","link":"https:\/\/blog.dpsgbretten.de\/?page_id=3192","title":{"rendered":"Das Jahr 2014"},"content":{"rendered":"<p><strong>Aus der Sicht des Stammesvorstands:<\/strong><\/p>\n<p>&nbsp;<\/p>\n<p>Im letzten Jahr war beim Stamm Askola wieder einiges geboten. Im Zuge der Winteraktionstage veranstaltete jede Stufe ein \u00dcbernachtungswochenende. Das Programm war sehr abwechslungsreich. Von Schlittschuhlaufen \u00fcber ein Stadtspiel bis hin zu einer Rover-WG war fast alles dabei. In Kooperation mit den Ministranten organisierte der Arbeitskreis Kinderfasching ein tolles Fest f\u00fcr die j\u00fcngeren Mitglieder der Gemeinde. Mit Luftballontanz und S\u00fc\u00dfigkeiten-werfen kamen die Kleinen voll auf ihre Kosten. Besonders erfreulich war, dass durch Spenden und einen Teil der Einnahmen 250\u20ac f\u00fcr die Finanzierung der Knochenmarkstests zugunsten von Niklas gespendet werden konnten. Ebenso erfolgreich verlief unser V\u00f6lkerballturnier. In diesem Jahr waren 15 Mannschaften unserer Einladung gefolgt und so kam es zu spannenden Duellen um die hei\u00dfbegehrten Pokale. Sieger im Maxiturnier wurden die Streetboys und Sieger im Miniturnier die Pfadfinder aus Blankenloch. Weitere Stammesaktionen waren das Mailager in Bruchsal, welches zusammen mit den Bruchsaler Pfadfinderst\u00e4mmen unter dem Motto \u201ePfadfinder im Zauberwald\u201c stattfand und nat\u00fcrlich unser Stammespfingstlager.\u00a0Sechs Tage verbrachten 44 (!!) Askolaner auf dem Zeltplatz in Bruchsal. Bei durchschnittlich 36 Grad und Sonnenschein konnten die Stammeskanus auf den umliegenden Baggerseen voll zum Einsatz kommen.Aufgrund einer heftigen Sturmwarnung der Polizei mussten wir das Lager zwar f\u00fcr einen Abend evakuieren, doch auch diese Unwegsamkeit wurde vom Leitungsteam exzellent gemeistert. Der Pfadfindergrillabend sollte dieses Jahr ein echtes Highlight bekommen: Bestellt war eine Bullridinganlage. Durch den gegen Mittag einsetzenden Regen konnte die Anlage jedoch nicht genutzt werden und wurde leider wieder abgebaut. Dennoch ergab sich ein sch\u00f6nes Grillfest mit allen Mitgliedern und Angeh\u00f6rigen unseres Stammes.H\u00f6hepunkt des Pfadfinderjahres war nat\u00fcrlich unsere Sommergro\u00dffahrt nach S\u00fcdfrankreich. Federf\u00fchrend organisiert durch Hamster und Thomas ging es diesmal in die Verdon-Schlucht. Geboten war ein vielseitiges Programm aus Kanufahren, Klettern und Wandern. Im September traf sich dann die gesamte Leiterrunde zur Jahresplanungstagung. In zwei Tagen erarbeiteten wir das Programm f\u00fcr das Pfadfinderjahr 2014\/15. Am ersten Adventswochenende verkauften wir wie gewohnt Pfadfinder-Gl\u00fchwein, Kinderpunsch und Chili Con Carne auf dem Brettener Weihnachtsmarkt. Das Friedenslicht wurde von einigen Askolanern in Bruchsal abgeholt und in der letzten Gemeinderatsitzung des Jahres an die B\u00fcrgermeister und die Gemeinder\u00e4te verteilt.<\/p>\n<p>Wir m\u00f6chten uns hiermit ganz herzlich bei allen bedanken, die das Abenteuer Pfadfinden erm\u00f6glichen. Ganz besonderer Dank gilt den Betreuern und Leitern, die ihre Freizeit investieren, um all die Fahrten und Aktionen zu planen und durchzuf\u00fchren! (Phillip Nauheimer &amp; Martin Vogel)<\/p>\n<p>&nbsp;<\/p>\n<p><strong>Aus der Sicht der Biberstufe:<\/strong><\/p>\n<p>Ein ereignisreiches Jahr 2014 ist vergangen. Nach den Sommerferien 2013 starteten die Biber zu ihrer \u00dcbernachtungsaktion. Mit viel Spa\u00df und Freude wurde es eine tolle Aktion. Im Oktober schon geisterten die Gespenster bei einer Gruselparty herum. Viele Gespenster sausten durch das Bernhardushaus. Die kleinen Gruselgesellen st\u00e4rkten sich nat\u00fcrlich mit Gruselnahrung. Das schmeckten allen und gest\u00e4rkt schlief man dann ein. Mit gro\u00dfer Vorfreude ersehnte man die n\u00e4chste Aktion. Im Dezember mussten wir uns leider von drei Biberkindern verabschieden. Sie wagten den Sprung in die n\u00e4chste Stufe. Nun sind sie W\u00f6lflinge und wir w\u00fcnschen ihnen viel Spa\u00df in der neuen Gruppe. Mit Elan und Freude veranstalteten die Kleinen im Februar 2014 eine Faschingsparty. Da ging es ziemlich n\u00e4rrisch und turbulent zu. Es wurde getanzt, gespielt und viel S\u00fc\u00dfes gegessen. Nat\u00fcrlich gab es auch W\u00fcrstchen mit Pommes zu essen und gesundes Gem\u00fcse. Bei dieser Party wurde auch f\u00fcr den Kinderfasching ge\u00fcbt. Dieses Jahr gestalteten die Pfadfinder zum ersten Mal den Kinderfasching mit den Ministranten zusammen. Die Biber- und W\u00f6lflingskinder halfen auf der B\u00fchne mit und die anderen Stufen beim Kaffee-, Kuchen- und Getr\u00e4nkeverkauf. Diese Veranstaltung hat allen sehr viel Spa\u00df gemacht und so werden wir auch n\u00e4chstes Jahr wieder dabei sein. Nach so viel Einsatz war eine Pause angesagt. Erst im Juni ging es auf \u201egro\u00dfe\u201c Fahrt. Das Pfingstlager war da. Hier waren alle vom Stamm zusammen. Von Klein bis Gro\u00df. Mit dem Auto wurden die Biber nach Bruchsal gebracht. Dort erlebten sie eine turbulente und hei\u00dfe Zeit. Wir mussten uns sehr oft mit kaltem Wasser abk\u00fchlen. Das aufregenste war jedoch, als wir am Abend unsere Zelte abbauen und ins Bruchsaler Stammesheim fl\u00fcchten mussten. Die Polizei gab eine Unwetterwahrnung heraus und wir wollten kein Risiko eingehen. So packten alle an und wir \u00fcbernachteten im Trockenen. Das war eine Nacht! Wir haben es alle gut \u00fcberstanden und konnten am n\u00e4chsten Tag wieder auf den Zeltplatz, wo der Spa\u00df dann weiter ging. Lange wurde noch von diesem Ereignis geredet. Die Zeit blieb nicht stehen und so kamen auch schon wieder die Sommerferien. Nach den Ferien veranstalteten wir eine Abschiedsparty. Drei Kinder und ein Jungleiter verlie\u00dfen die Gruppe. Wir waren alle traurig, doch so ist es nun mal. Die Party haben wir trotzdem sehr genossen und hatten viel Spa\u00df. Im September sprangen wieder drei Biber zu den W\u00f6lflingen. Wir w\u00fcnschen auch diesen Kindern viel Spa\u00df in der neuen Gruppe. Nun sind es noch sieben Kindern in der Bibergruppe. Wir w\u00fcrden uns \u00fcber neue Kinder sehr freuen. Wir treffen uns jeden Mittwoch (au\u00dfer in den Ferien) von 16 bis 17:30 Uhr. In dieser Zeit spielen und basteln wir oder wir gehen auf Erkundungstour. Nat\u00fcrlich lernen wir auch den Umgang mit Feuer und Messer. Wir versuchen den Kindern spielerisch das Miteinander und Selbst\u00e4ndige beizubringen. Die Kinder kommen gerne und wir h\u00f6ren von den Eltern nur positives. So denken wir, dass unser Bem\u00fchen Erfolg hat. Auch f\u00fcr 2014 und 2015 haben wir Aktionen geplant z. B. im November eine Geisterparty, die wird ganz sch\u00f6n geisterhaft. Wir freuen uns auf das was noch kommt. (Magda und Elke)<\/p>\n<p>&nbsp;<\/p>\n<p><strong>Aus der Sicht der W\u00f6lflinge:<\/strong><\/p>\n<p>Im Jahr 2014 war die W\u00f6lflings Stufe sehr aktiv. Wir verzeichnen einige neue Mitglieder, welche allesamt mit Spa\u00df dabei sind. Die W\u00f6lflingsstufe hat dieses Jahr an einigen Aktionen Teilgenommen. Unter anderem eine M\u00fcllsammelaktion oder eine Sticker Jagt. Auch die \u00f6rtliche Eisdiele wurde das eine oder andere Mal besucht. In dem Stammeslager in den Pfingstferien bekamen die Kinder eine Woche lang einen gro\u00dfen Einblick in das Pfadfinderleben. Au\u00dferdem gab es in den Winterferien eine Winter\u00fcbernachtung in unserem Stammesheim und in den Sommerferien ein Sommer W\u00f6lflings Lager auf dem Zeltplatz der Bruchsaler Pfadfinder. (Martin Vogel)<\/p>\n<p>&nbsp;<\/p>\n<p><strong>Aus der Sicht der Jungpfadfinder:<\/strong><\/p>\n<p>Das Jahr\u00a02014 war f\u00fcr die Jungpfadfinderstufe ein spannendes Jahr voller Ver\u00e4nderung, sowohl f\u00fcr das Leiterteam als auch f\u00fcr die Gruppenkinder. Zu Beginn des Jahres verlie\u00df einer der damaligen Leiter die Stufe und den Stamm, trotz dieser Ver\u00e4nderung f\u00fchrte die Jungpfadfinderstufe \u00fcber das Jahr hinweg verteilt viele Aktionen durch. Auch im Stamm beteiligte sich die Jungpfadfinderstufe. Ob es beim Weihnachtsmarkt oder bei der Weihnachtsaktion f\u00fcr das katholische Altenpflegeheim ist, die Jungpfadfinder waren immer pr\u00e4sent. In den Ferien und an Wochenenden f\u00fchrte die Jungpfadfinderstufe Hayks und \u00dcbernachtungen durch. Diese wurden von der Gruppe positiv wahrgenommen. Auch mit anderen Altersgruppen im Stamm hielt die Jungpfadfinderstufe einen guten Kontakt und nahm an vielen stufen\u00fcbergreifenden Aktionen des Stammes teil, wie Beispielsweise den Winteraktionstagen dem V\u00f6lkerballturnier. Auch an gemeinsamen Lagern mangelte es nicht, da die Jungpfadfinder an gro\u00dfen Lagern wie dem Pfingstlager in Bruchsal und dem Sommerlager in S\u00fcdfrankreich teilnahmen. Einige Jungpfadfinder nahmen sogar am stammes\u00fcbergreifenden Mailager in Bruchsal teil, wo sie das Pfadfinderlagerleben in anderen St\u00e4mmen kennenlernten. Im Herbst wurde die Jungpfadfinderstufe durch die Erweiterung des Leiterteams auf zwei Leiter und die Erweiterung der Gruppe durch den Stufensprung um 6 Jungpfadfinder aufgemischt. Die Stimmung der Gruppe in den Gruppenstunden ist ausgelassen und das Programm wird prim\u00e4r positiv aufgenommen. (Alexander Rooseboom)<\/p>\n<p>&nbsp;<\/p>\n<p><strong>Aus der Sicht der Pfadfinderstufe:<\/strong><\/p>\n<p>Neues Jahr, neues Gl\u00fcck, neues Abenteuer \u2013 hie\u00df es f\u00fcr die Pfadfinder nach den Sommerferien. Erster Termin f\u00fcr alle war das vom Stamm bereits zum siebten Mal ausgetragene V\u00f6lkerballturnier am 22. Februar. Zusammen mit der Rover-Stufe wurde ein Team gebildet und gemeinsam gegen die Mannschaften von anderen St\u00e4mmen oder Vereinen gek\u00e4mpft. Am Ende stand ein gutverdienter 4. Platz hinter den Vorjahressiegern der Street Boys. In den Osterferien ging es in der Woche vor Ostern mit 9 Kindern, 3 Leitern und Hund in die Pfadfinderh\u00fctte nach Metzingen. Am ersten Tag wurde dann gleich Feuerholz gesammelt, Marmelade gemacht und einige versuchten sich dem Wind trotzend an ihren Feuerproben. Die Aufgabe, einen Katapult aus Naturmaterialien zu bauen wurde zum Highlight des Tages. Die Kinder wurden mittags zum Einkaufen f\u00fcr den n\u00e4chsten Abend geschickt und bevor es ernst wurde, wurde noch ausgiebig Fu\u00dfball gespielt. Nach langem Probieren gelang der Kr\u00fcmelmonstersippe ein deutlicher Sieg, der am n\u00e4chsten Abend durch den hauchd\u00fcnnen Sieg der Grizzlyb\u00e4ren gleichgestellt wurde. Mittwochs ging es f\u00fcr die Grizzlyb\u00e4ren auf die Burg Lichtenstein, f\u00fcr die Kr\u00fcmelmonster zu einer Burgruine. W\u00e4hrenddessen g\u00f6nnten sich die Leiter einen Ausflug in das Outlet in Metzingen. Am Abend fand noch eine Halstuchverleihung statt, bevor es am Donnerstag wieder nach Hause ging. Freitags trafen sich die Askolaner, um mit den anderen St\u00e4mmen der DPSG, PSG und des Stamm Greifs aus Bruchsal ein gemeinsames Wochenende zu verbringen. Nachdem nach einigen Anl\u00e4ufen schlie\u00dflich auch das K\u00fcchenzelt stand, ging es in den gem\u00fctlicheren Teil \u00fcber (Essen, am Lagerfeuer sitzen, etc.). Am n\u00e4chsten Morgen stand ein Postenlauf f\u00fcr die j\u00fcngeren Kinder an, die dem Druiden helfen sollten, den Druidenwettbewerb zu gewinnen. Die \u00e4lteren Rover stellten Stationen oder genossen die Ruhe. Trotz des schlechter gewordenen Wetters lie\u00df man es sich nicht nehmen, eine Partie Baseball zu spielen, die aufgrund einer deprimierenden Niederlage von 19:1 allerdings nicht wiederholt wurde. Das Lager endete mit einer st\u00fcrmischen Nacht und einem gro\u00dfen gemeinsamen Fr\u00fchst\u00fcck. Zum Anfang der Pfingstferien traf sich der Stamm, um gemeinsam das Pfingstlager zu erleben. Auf dem Plan standen Baggersee, Baggersee und Baggersee, gemischt mit Kanu fahren, Gel\u00e4ndespielen und ein Postenlauf bei bestem Sommerwetter. Nach und nach trafen auch die j\u00fcngeren Kinder (W\u00f6lflinge und Biber) auf dem Lager ein und starteten zusammen mit den anderen ihr Programm. Aufgrund einer Unwetterwarnung musste das Lager allerdings evakuiert werden. Mit erstaunlicher Ruhe und Organisation wurden alle Zelte abgebaut und die Kinder in das Stammesheim der bruchsaler Pfadfinder verfrachtet, um dort die Nacht zu verbringen. Nat\u00fcrlich darf bei einem Lager niemals das Stockbrot fehlen, das am n\u00e4chsten Tag in gewohnter Manier in gro\u00dfen Massen schnell verputzt war. Mitte Juli traf man sich erneut mit den Pfadfindern aus Bruchsal, um ein Baseballspiel Bretten vs. Bruchsal auszurichten, also quasi eine nachgeholte Revange aus dem Mailager. Gespielt wurde auf dem Zeltplatz in Bruchsal. Mit der Unterst\u00fctzung der Leiter gelang uns ein haushoher Sieg, der zum Abschluss des Tages mit gemeinsamen Grillen (gespickt mit einigen Regenschauern) gefeiert wurde. Im August ging es f\u00fcr den Stamm zwei Wochen nach S\u00fcdfrankreich in die N\u00e4he der Verdon-Schlucht. Bei bestem Sommerwetter (im Gegensatz zum kalten Deutschland), wurde gewandert, Kanu gefahren, im Meer gebadet, Souveniers eingekauft, entspannt und nat\u00fcrlich gut gegessen. Ausflugsziele waren unter anderem Cannes, der Verdon, der Lac de St. Croix, Wasserf\u00e4lle bei Sillans und Antibes.<\/p>\n<p>&nbsp;<\/p>\n<p><strong>Aus der Sicht der Roverrunde:<\/strong><\/p>\n<p>Die Rovergruppenstunden haben sich abwechselnd durch k\u00f6rperliche Aktivit\u00e4ten und gelenkten Diskussionen verschiedener Themen dargestellt. Es gab auch viele Nachtwanderungen und soziale Hilfs- und Putzaktionen die das Leben in der Gruppe gest\u00e4rkt und verbessert haben. Au\u00dferhalb der Gruppenstunden haben die Rover Aktionen wie die 1 einw\u00f6chige RoverWG gemacht , Hilfe bei Aktionen im Stamm wie dem Grillfest,Nikolaus-dienst und anderen sowohl sozialen als auch christlichen Aktionen geleistet. Die Roverrunde bestand durchschnittlich aus 6-10 Jugendlichen wie auch \u00fcber 18 j\u00e4hrigen von denen auch manche als Jugendleiter bei den j\u00fcngeren Stufen aktiv sind.<\/p>\n","protected":false},"excerpt":{"rendered":"<p>Aus der Sicht des Stammesvorstands: &nbsp; Im letzten Jahr war beim Stamm Askola wieder einiges geboten. Im Zuge der Winteraktionstage veranstaltete jede Stufe ein \u00dcbernachtungswochenende. Das Programm war sehr abwechslungsreich. <a class=\"more-link\" href=\"https:\/\/blog.dpsgbretten.de\/?page_id=3192\">Continue Reading &rarr;<\/a><\/p>\n","protected":false},"author":1,"featured_media":0,"parent":82,"menu_order":23,"comment_status":"open","ping_status":"open","template":"","meta":{"footnotes":""},"class_list":["post-3192","page","type-page","status-publish","hentry"],"_links":{"self":[{"href":"https:\/\/blog.dpsgbretten.de\/index.php?rest_route=\/wp\/v2\/pages\/3192","targetHints":{"allow":["GET"]}}],"collection":[{"href":"https:\/\/blog.dpsgbretten.de\/index.php?rest_route=\/wp\/v2\/pages"}],"about":[{"href":"https:\/\/blog.dpsgbretten.de\/index.php?rest_route=\/wp\/v2\/types\/page"}],"author":[{"embeddable":true,"href":"https:\/\/blog.dpsgbretten.de\/index.php?rest_route=\/wp\/v2\/users\/1"}],"replies":[{"embeddable":true,"href":"https:\/\/blog.dpsgbretten.de\/index.php?rest_route=%2Fwp%2Fv2%2Fcomments&post=3192"}],"version-history":[{"count":2,"href":"https:\/\/blog.dpsgbretten.de\/index.php?rest_route=\/wp\/v2\/pages\/3192\/revisions"}],"predecessor-version":[{"id":3194,"href":"https:\/\/blog.dpsgbretten.de\/index.php?rest_route=\/wp\/v2\/pages\/3192\/revisions\/3194"}],"up":[{"embeddable":true,"href":"https:\/\/blog.dpsgbretten.de\/index.php?rest_route=\/wp\/v2\/pages\/82"}],"wp:attachment":[{"href":"https:\/\/blog.dpsgbretten.de\/index.php?rest_route=%2Fwp%2Fv2%2Fmedia&parent=3192"}],"curies":[{"name":"wp","href":"https:\/\/api.w.org\/{rel}","templated":true}]}}