{"id":5769,"date":"2024-01-24T12:39:57","date_gmt":"2024-01-24T10:39:57","guid":{"rendered":"https:\/\/blog.dpsgbretten.de\/?page_id=5769"},"modified":"2024-02-09T21:15:32","modified_gmt":"2024-02-09T19:15:32","slug":"das-jahr-2023-2","status":"publish","type":"page","link":"https:\/\/blog.dpsgbretten.de\/?page_id=5769","title":{"rendered":"Das Jahr 2023"},"content":{"rendered":"\n<p>Gro\u00dffahrt nach \u00d6sterreich, Zelten im Schnee und ein gelungenes Bezirkslager sind nur wenige Highlights unseres Pfadfinderjahres 2023. <\/p>\n\n\n\n<p>Aber der Reihe nach. Beginnen hat das Jahr 2023 selbstverst\u00e4ndlich mit unserem <strong>Stammesfr\u00fchst\u00fcck<\/strong>, bei dem endlich (!) das Ziel der Sommergro\u00dffahrt bekannt gegeben wurde. Darauf folgte direkt eine Woche sp\u00e4ter die erste Aktion, die Pfadfinder-Stufe fuhr zu <strong>Track for kidz<\/strong>  nach Furtwangen. Ein Wochenende lang Schneelager, Schlittenfahren, Werwolf am Lagerfeuer in der w\u00e4rmsten Jurte des Lagers (also unserer Jurte). Auf der R\u00fcckfahrt (selbstverst\u00e4ndlich) noch ein Stopp beim Burgerking, und die erste \u00dcbernachtungsaktion war gelungen.<\/p>\n\n\n\n<figure class=\"wp-block-image size-large\"><a href=\"https:\/\/blog.dpsgbretten.de\/wp-content\/uploads\/2024\/02\/image-3.png\"><img loading=\"lazy\" decoding=\"async\" width=\"1024\" height=\"457\" src=\"https:\/\/blog.dpsgbretten.de\/wp-content\/uploads\/2024\/02\/image-3-1024x457.png\" alt=\"\" class=\"wp-image-6337\" srcset=\"https:\/\/blog.dpsgbretten.de\/wp-content\/uploads\/2024\/02\/image-3-1024x457.png 1024w, https:\/\/blog.dpsgbretten.de\/wp-content\/uploads\/2024\/02\/image-3-300x134.png 300w, https:\/\/blog.dpsgbretten.de\/wp-content\/uploads\/2024\/02\/image-3-768x342.png 768w, https:\/\/blog.dpsgbretten.de\/wp-content\/uploads\/2024\/02\/image-3-1536x685.png 1536w, https:\/\/blog.dpsgbretten.de\/wp-content\/uploads\/2024\/02\/image-3.png 1628w\" sizes=\"auto, (max-width: 1024px) 100vw, 1024px\" \/><\/a><\/figure>\n\n\n\n<p>Am 22.2.2023 fand selbstverst\u00e4ndlich auch eine <strong>Thinkingday<\/strong>-Aktion statt, wir trafen uns zum gemeinsamen Pizza essen, singen, und nat\u00fcrlich um Robert Baden-Powell zu gedenken. Auch eine <strong>Schlittschuh-Aktion<\/strong> durfte nicht fehlen, so machten sich Pfadis und W\u00f6lflinge im M\u00e4rz auf den Weg in die Eishalle nach Pforzheim. Als alle kaputt wieder nach Hause kamen, schauten wir gemeinsam einen Film, st\u00fcrzten uns auf das Abendessen und dann ging es f\u00fcr die W\u00f6lflinge auch schon ins Bett (bzw. auf die Isomatte). Damit es Ostern werden kann, muss nat\u00fcrlich die Osternacht besucht werden, und was w\u00e4re die ohne ein gro\u00dfes Osterfeuer? Deshalb nahmen wir auch dieses Jahr teil und entz\u00fcndeten das <strong>Osterfeuer<\/strong> f\u00fcr die Kirchengemeinde.<\/p>\n\n\n\n<figure class=\"wp-block-image size-large\"><a href=\"https:\/\/blog.dpsgbretten.de\/wp-content\/uploads\/2024\/01\/image-2.png\"><img loading=\"lazy\" decoding=\"async\" width=\"1024\" height=\"541\" src=\"https:\/\/blog.dpsgbretten.de\/wp-content\/uploads\/2024\/01\/image-2-1024x541.png\" alt=\"\" class=\"wp-image-6316\" srcset=\"https:\/\/blog.dpsgbretten.de\/wp-content\/uploads\/2024\/01\/image-2-1024x541.png 1024w, https:\/\/blog.dpsgbretten.de\/wp-content\/uploads\/2024\/01\/image-2-300x159.png 300w, https:\/\/blog.dpsgbretten.de\/wp-content\/uploads\/2024\/01\/image-2-768x406.png 768w, https:\/\/blog.dpsgbretten.de\/wp-content\/uploads\/2024\/01\/image-2.png 1459w\" sizes=\"auto, (max-width: 1024px) 100vw, 1024px\" \/><\/a><\/figure>\n\n\n\n<p>Im Mai machte sich die Pfadi-Stufe dann auf den Weg nach Eppingen zum <strong>Teambuilding<\/strong>, mit wirklich tollen Spielen und einigen Erfahrungen reicher ging es zur\u00fcck ins Stammesheim zu einer \u00dcbernachtung. Es folgte die <strong>Fronleichnamsprozession<\/strong> der Brettener Kirchengemeinde, an der wir selbstverst\u00e4ndlich teilnahmen, und dann war es auch schon soweit: <strong>Sommergro\u00dffahrt<\/strong>. <br><\/p>\n\n\n\n<figure class=\"wp-block-image size-large\"><a href=\"https:\/\/blog.dpsgbretten.de\/wp-content\/uploads\/2024\/02\/image-4.png\"><img loading=\"lazy\" decoding=\"async\" width=\"1024\" height=\"333\" src=\"https:\/\/blog.dpsgbretten.de\/wp-content\/uploads\/2024\/02\/image-4-1024x333.png\" alt=\"\" class=\"wp-image-6339\" srcset=\"https:\/\/blog.dpsgbretten.de\/wp-content\/uploads\/2024\/02\/image-4-1024x333.png 1024w, https:\/\/blog.dpsgbretten.de\/wp-content\/uploads\/2024\/02\/image-4-300x98.png 300w, https:\/\/blog.dpsgbretten.de\/wp-content\/uploads\/2024\/02\/image-4-768x250.png 768w, https:\/\/blog.dpsgbretten.de\/wp-content\/uploads\/2024\/02\/image-4-1536x499.png 1536w, https:\/\/blog.dpsgbretten.de\/wp-content\/uploads\/2024\/02\/image-4.png 1716w\" sizes=\"auto, (max-width: 1024px) 100vw, 1024px\" \/><\/a><\/figure>\n\n\n\n<p>Dieses Jahr ging es nach \u00d6sterreich. Weniger Anstrengend als das Jahr zuvor, aber mindestens genauso coole Aktionen. Ob Raften gehen, Klettern am Hanauer Stein, Kanu fahren, wandern oder lustige Spiele mit den anderen Pfadfinderst\u00e4mmen auf dem Zeltplatz, es war immer etwas geboten. Es entstanden Freundschaften mit einem italienischen Pfadfinderstamm, kleine Rivalit\u00e4ten mit einem deutschen und viele, sehr viele sch\u00f6ne Lagerfeuerabende mit den neuen Freunden. Doch auch die sch\u00f6nste Sommergro\u00dffahrt geht einmal vorbei. Aber nicht schlimm, denn zum Ende der Ferien kommt ja auch schon unser <strong>Sommerabschlusslager<\/strong>. Dieses Jahr aufgrund unserer gro\u00dfen W\u00f6lflingsstufe ohne Ferienprogramm, daf\u00fcr aber mit einer Wanderung nach Maulbronn zum Tiefen See um baden zu gehen. Kaum geht die Schule wieder los, fangen auch die Gruppenstunden wieder an. Um den Gruppenkindern ein tolles Programm bieten zu k\u00f6nnen fuhr die Leiterrunde im September auf <strong>JaPlaTa<\/strong>. <\/p>\n\n\n\n<figure class=\"wp-block-image size-large\"><a href=\"https:\/\/blog.dpsgbretten.de\/wp-content\/uploads\/2024\/01\/image-3.png\"><img loading=\"lazy\" decoding=\"async\" width=\"1024\" height=\"283\" src=\"https:\/\/blog.dpsgbretten.de\/wp-content\/uploads\/2024\/01\/image-3-1024x283.png\" alt=\"\" class=\"wp-image-6318\" srcset=\"https:\/\/blog.dpsgbretten.de\/wp-content\/uploads\/2024\/01\/image-3-1024x283.png 1024w, https:\/\/blog.dpsgbretten.de\/wp-content\/uploads\/2024\/01\/image-3-300x83.png 300w, https:\/\/blog.dpsgbretten.de\/wp-content\/uploads\/2024\/01\/image-3-768x212.png 768w, https:\/\/blog.dpsgbretten.de\/wp-content\/uploads\/2024\/01\/image-3.png 1463w\" sizes=\"auto, (max-width: 1024px) 100vw, 1024px\" \/><\/a><\/figure>\n\n\n\n<p>Man k\u00f6nnte meinen, im Oktober ist es zu kalt um Kanu zu fahren, aber unsere Jupfis bewiesen uns das Gegenteil und machten sich auf eine coole <strong>Kanutour<\/strong>. Kaum sind unsere Jupfis zur\u00fcck geht es auch schon aufs <strong>Bezirkslager<\/strong>, ausruhen gibt es bei den Pfadfindern nicht ;). Das diesj\u00e4hrige Bezirkslager f\u00fchrte uns auf den Zeltplatz nach Waldhambach, wo wir schon das ein oder andere sch\u00f6ne Bezirkslager erleben durften, das diesj\u00e4hrige selbstverst\u00e4ndlich auch. Mit einer spannenden Wanderung zur Madenburg und dem Siedlerspiel (unsere Bezirkslagertradition) und gemeinsamen Lagerfeuerabenden mit Gesang definitiv ein Highlight unseres Pfadfinderjahres 2023. <\/p>\n\n\n\n<figure class=\"wp-block-image size-large\"><a href=\"https:\/\/blog.dpsgbretten.de\/wp-content\/uploads\/2024\/02\/image-5.png\"><img loading=\"lazy\" decoding=\"async\" width=\"1024\" height=\"393\" src=\"https:\/\/blog.dpsgbretten.de\/wp-content\/uploads\/2024\/02\/image-5-1024x393.png\" alt=\"\" class=\"wp-image-6343\" srcset=\"https:\/\/blog.dpsgbretten.de\/wp-content\/uploads\/2024\/02\/image-5-1024x393.png 1024w, https:\/\/blog.dpsgbretten.de\/wp-content\/uploads\/2024\/02\/image-5-300x115.png 300w, https:\/\/blog.dpsgbretten.de\/wp-content\/uploads\/2024\/02\/image-5-768x295.png 768w, https:\/\/blog.dpsgbretten.de\/wp-content\/uploads\/2024\/02\/image-5-1536x590.png 1536w, https:\/\/blog.dpsgbretten.de\/wp-content\/uploads\/2024\/02\/image-5.png 1591w\" sizes=\"auto, (max-width: 1024px) 100vw, 1024px\" \/><\/a><\/figure>\n\n\n\n<p>Der Dezember ist auch bei den Pfadfindern ein sehr ereignisreicher Monat. So fand neben einem gelungenen <strong>Nikolausdienst<\/strong>, die Teilnahme am <strong>Friedenslicht<\/strong>, eine <strong>Weihnachtsleiterrunde<\/strong> (mit Wichteln nat\u00fcrlich) und das <strong>Packen f\u00fcr unser Winterlager<\/strong> im Januar statt. Nicht zu vergessen unsere <strong>Weihnachtsgruppenstunde<\/strong>, bei der es wieder Cr\u00eapes, Kinderpunsch und einige coole Stationen wie einen Bobby car Parcours und \u201eWeihnachtslieder gurgeln\u201c gab. Ein sch\u00f6nes Ende f\u00fcr unser Pfadfinderjahr. Wir freuen uns schon auf das Pfadfinderjahr 2024!  <br><\/p>\n","protected":false},"excerpt":{"rendered":"<p>Gro\u00dffahrt nach \u00d6sterreich, Zelten im Schnee und ein gelungenes Bezirkslager sind nur wenige Highlights unseres Pfadfinderjahres 2023. Aber der Reihe nach. Beginnen hat das Jahr 2023 selbstverst\u00e4ndlich mit unserem Stammesfr\u00fchst\u00fcck, <a class=\"more-link\" href=\"https:\/\/blog.dpsgbretten.de\/?page_id=5769\">Continue Reading &rarr;<\/a><\/p>\n","protected":false},"author":12,"featured_media":0,"parent":0,"menu_order":0,"comment_status":"closed","ping_status":"closed","template":"","meta":{"footnotes":""},"class_list":["post-5769","page","type-page","status-publish","hentry"],"_links":{"self":[{"href":"https:\/\/blog.dpsgbretten.de\/index.php?rest_route=\/wp\/v2\/pages\/5769","targetHints":{"allow":["GET"]}}],"collection":[{"href":"https:\/\/blog.dpsgbretten.de\/index.php?rest_route=\/wp\/v2\/pages"}],"about":[{"href":"https:\/\/blog.dpsgbretten.de\/index.php?rest_route=\/wp\/v2\/types\/page"}],"author":[{"embeddable":true,"href":"https:\/\/blog.dpsgbretten.de\/index.php?rest_route=\/wp\/v2\/users\/12"}],"replies":[{"embeddable":true,"href":"https:\/\/blog.dpsgbretten.de\/index.php?rest_route=%2Fwp%2Fv2%2Fcomments&post=5769"}],"version-history":[{"count":15,"href":"https:\/\/blog.dpsgbretten.de\/index.php?rest_route=\/wp\/v2\/pages\/5769\/revisions"}],"predecessor-version":[{"id":6346,"href":"https:\/\/blog.dpsgbretten.de\/index.php?rest_route=\/wp\/v2\/pages\/5769\/revisions\/6346"}],"wp:attachment":[{"href":"https:\/\/blog.dpsgbretten.de\/index.php?rest_route=%2Fwp%2Fv2%2Fmedia&parent=5769"}],"curies":[{"name":"wp","href":"https:\/\/api.w.org\/{rel}","templated":true}]}}