{"id":6252,"date":"2025-01-07T16:14:00","date_gmt":"2025-01-07T14:14:00","guid":{"rendered":"https:\/\/blog.dpsgbretten.de\/?page_id=6252"},"modified":"2025-09-30T07:58:30","modified_gmt":"2025-09-30T05:58:30","slug":"das-jahr-2024","status":"publish","type":"page","link":"https:\/\/blog.dpsgbretten.de\/?page_id=6252","title":{"rendered":"Das Jahr 2024"},"content":{"rendered":"\n<p>Pfadfinderfirmung im Juni, Bezirkslager im September und nat\u00fcrlich ein Public Viewing &#8211; auch dieses Jahr war wieder viel geboten. <br><\/p>\n\n\n\n<p>Wir starteten unser Jahr mit dem <strong>Winterlager<\/strong> Anfang Januar. <\/p>\n\n\n\n<figure class=\"wp-block-image size-large\"><a href=\"https:\/\/blog.dpsgbretten.de\/wp-content\/uploads\/2024\/02\/image-6.png\"><img loading=\"lazy\" decoding=\"async\" width=\"1024\" height=\"332\" src=\"https:\/\/blog.dpsgbretten.de\/wp-content\/uploads\/2024\/02\/image-6-1024x332.png\" alt=\"\" class=\"wp-image-6349\" srcset=\"https:\/\/blog.dpsgbretten.de\/wp-content\/uploads\/2024\/02\/image-6-1024x332.png 1024w, https:\/\/blog.dpsgbretten.de\/wp-content\/uploads\/2024\/02\/image-6-300x97.png 300w, https:\/\/blog.dpsgbretten.de\/wp-content\/uploads\/2024\/02\/image-6-768x249.png 768w, https:\/\/blog.dpsgbretten.de\/wp-content\/uploads\/2024\/02\/image-6.png 1276w\" sizes=\"auto, (max-width: 1024px) 100vw, 1024px\" \/><\/a><\/figure>\n\n\n\n<p>Der Wunsch nach Schnee wurde leider nicht erf\u00fcllt &#8211; trotzdem genossen wir das Lager und die vielen coolen Programmpunkte. Unser <strong>Stammesfr\u00fchst\u00fcck<\/strong> l\u00e4utete den Beginn des neuen Jahres dann auch offiziell ein und wir erfuhren endlich wohin uns die diesj\u00e4hrige Sommergro\u00dffahrt f\u00fchren wird. Au\u00dferdem unterhielten die Stufen mit vielen coolen Programmpunkten w\u00e4hrend das Essen genossen wurde. Im Februar starteten wir mit einer bunten <strong>Faschingsgruppenstunde<\/strong>, bei der mit Kost\u00fcmen, Spielen und guter Laune die f\u00fcnfte Jahreszeit gefeiert wurde. Wenige Wochen sp\u00e4ter richteten wir dann unser traditionelles <strong>V\u00f6lkerballturnier<\/strong> aus, wo sich die Gruppen sportlich messen, gleichzeitig aber auch jede Menge Spa\u00df haben konnten. Dann wurde es gr\u00fcn: Bei unserer <strong>Baumpflanzaktion<\/strong> vom 15.03.-16.03.2024 packten viele helfende H\u00e4nde mit an, um neue B\u00e4ume zu setzen und damit ein Zeichen f\u00fcr den Umweltschutz zu setzen. Zum Monatsende machten wir wieder das <strong>Osterfeuer<\/strong> f\u00fcr die Feier der Osternacht unserer Kirchengemeinde. <br><\/p>\n\n\n\n<figure class=\"wp-block-image size-large\"><a href=\"https:\/\/blog.dpsgbretten.de\/wp-content\/uploads\/2025\/06\/image-2.png\"><img loading=\"lazy\" decoding=\"async\" width=\"1024\" height=\"280\" src=\"https:\/\/blog.dpsgbretten.de\/wp-content\/uploads\/2025\/06\/image-2-1024x280.png\" alt=\"\" class=\"wp-image-6726\" srcset=\"https:\/\/blog.dpsgbretten.de\/wp-content\/uploads\/2025\/06\/image-2-1024x280.png 1024w, https:\/\/blog.dpsgbretten.de\/wp-content\/uploads\/2025\/06\/image-2-300x82.png 300w, https:\/\/blog.dpsgbretten.de\/wp-content\/uploads\/2025\/06\/image-2-768x210.png 768w, https:\/\/blog.dpsgbretten.de\/wp-content\/uploads\/2025\/06\/image-2-1536x420.png 1536w, https:\/\/blog.dpsgbretten.de\/wp-content\/uploads\/2025\/06\/image-2.png 1853w\" sizes=\"auto, (max-width: 1024px) 100vw, 1024px\" \/><\/a><\/figure>\n\n\n\n<p>Kurz darauf stand eine <strong>Pfadi\u00fcbernachtung<\/strong> auf dem Programm \u2013 ein echtes Lagererlebnis direkt vor Ort mit Spielen, Lagerfeuer und gemeinsamer Zeit. <br>Au\u00dferdem machten wir bei der <strong>Fr\u00fchjahrsputzaktion<\/strong> unser Grundst\u00fcck wieder fit f\u00fcr die Gruppenstunden der Sommersaison. Im Mai nahm unsere Pfadistufe als Teil der <strong>Firmvorbereitung<\/strong> an der Fahrt nach <strong>Taiz\u00e9<\/strong> teil, wo Begegnung, Gebet und Stille im Mittelpunkt standen. Au\u00dferdem begleiteten wir am 30.05.2024 die <strong>Fronleichnahmsprozessio<\/strong>n. Im Juni feierten dann die Firmlinge der Pfadistufe ihre <strong>Firmung<\/strong> \u2013 ein bedeutender Schritt auf ihrem Lebens- und Glaubensweg. Die W\u00f6lflingsstufe verbrachte eine aufregende Nacht auf dem Grundst\u00fcck bei ihrer, durch die Pfadistufe organisierte, <strong>W\u00f6lflings\u00fcbernachtung<\/strong>, mit Spielen, Geschichten und nat\u00fcrlich viel Spa\u00df. P\u00fcnktlich zur WM trafen wir uns in der Gruppenstunde zum gemeinsamen <strong>Public Viewing <\/strong>\u2013 bei einem spannenden Spiel der Fu\u00dfball-EM wurde gejubelt, diskutiert und mitgefiebert. Mit Beginn der Sommerferien stand auch schon die <strong>Sommergro\u00dffahrt<\/strong> bevor, die uns in diesem Jahr in gleich zwei L\u00e4nder f\u00fchrte. In der Slowakei erlebten wir die Natur hautnah beim Wandern durch eindrucksvolle Landschaften, bevor wir in Budapest, der Hauptstadt Ungarns, auf Entdeckungstour gingen. Diese Fahrt wird vielen von uns sicher noch lange in Erinnerung bleiben.<\/p>\n\n\n\n<figure class=\"wp-block-image size-large\"><a href=\"https:\/\/blog.dpsgbretten.de\/wp-content\/uploads\/2025\/06\/image-3.png\"><img loading=\"lazy\" decoding=\"async\" width=\"1024\" height=\"260\" src=\"https:\/\/blog.dpsgbretten.de\/wp-content\/uploads\/2025\/06\/image-3-1024x260.png\" alt=\"\" class=\"wp-image-6729\" srcset=\"https:\/\/blog.dpsgbretten.de\/wp-content\/uploads\/2025\/06\/image-3-1024x260.png 1024w, https:\/\/blog.dpsgbretten.de\/wp-content\/uploads\/2025\/06\/image-3-300x76.png 300w, https:\/\/blog.dpsgbretten.de\/wp-content\/uploads\/2025\/06\/image-3-768x195.png 768w, https:\/\/blog.dpsgbretten.de\/wp-content\/uploads\/2025\/06\/image-3-1536x390.png 1536w, https:\/\/blog.dpsgbretten.de\/wp-content\/uploads\/2025\/06\/image-3.png 1846w\" sizes=\"auto, (max-width: 1024px) 100vw, 1024px\" \/><\/a><\/figure>\n\n\n\n<p>Zu Beginn des neuen Schuljahres fuhr die Leiterrunde auf <strong>JaPlaTa<\/strong> nach Herxheim, um Aktionen zu planen und das Stammesleben zu gestalten. Au\u00dferdem nahmen wir am <strong>Bezirkslager<\/strong> teil \u2013 eine tolle Gelegenheit, um die alten Bekannten aus den anderen St\u00e4mmen wiederzusehen, neue Kontakte zu kn\u00fcpfen und das Stammesleben in gr\u00f6\u00dferem Rahmen zu erleben. Im Oktober gab es dann sogar f\u00fcr die Pfadis eine besondere <strong>Pfadibezirksaktion<\/strong>, wo diese Kontakte weiter vertieft wurden. Aber auch bei <strong>Laubnacht<\/strong> und <strong>Jupfilager<\/strong> war einiges los: Lagerfeuer, Nachtwanderungen, Spiele und viele Momente echter Pfadfindergemeinschaft pr\u00e4gten das Jupfilager, die Laubnacht deckte den Arbeitsteil ab.<\/p>\n\n\n\n<figure class=\"wp-block-image size-large\"><a href=\"https:\/\/blog.dpsgbretten.de\/wp-content\/uploads\/2025\/06\/image-4.png\"><img loading=\"lazy\" decoding=\"async\" width=\"1024\" height=\"393\" src=\"https:\/\/blog.dpsgbretten.de\/wp-content\/uploads\/2025\/06\/image-4-1024x393.png\" alt=\"\" class=\"wp-image-6731\" srcset=\"https:\/\/blog.dpsgbretten.de\/wp-content\/uploads\/2025\/06\/image-4-1024x393.png 1024w, https:\/\/blog.dpsgbretten.de\/wp-content\/uploads\/2025\/06\/image-4-300x115.png 300w, https:\/\/blog.dpsgbretten.de\/wp-content\/uploads\/2025\/06\/image-4-768x295.png 768w, https:\/\/blog.dpsgbretten.de\/wp-content\/uploads\/2025\/06\/image-4.png 1489w\" sizes=\"auto, (max-width: 1024px) 100vw, 1024px\" \/><\/a><\/figure>\n\n\n\n<p>Der November begann mit einer gro\u00dfen <strong>Aufr\u00e4umaktion im Bhaus<\/strong>, bei der altes Material aussortiert und Ordnung geschaffen wurde. Au\u00dferdem begleiteten wir wieder den \u00f6kumenischen <strong>Martinsumzug<\/strong> mit Fackeln. Auch unsere j\u00e4hrliche <strong>Stammesversammlung<\/strong> stand an, bei der wir gemeinsam auf das Jahr zur\u00fcckblickten und neue Ideen f\u00fcr die Zukunft schmiedeten. Darauf folgte der <strong>Nikolausdienst<\/strong>, welcher uns zu den verschiedensten Familien in der Umgebung f\u00fchrte. Auch das <strong>Friedenslicht<\/strong> verteilten wir wie jedes Jahr im Gemeinderat, die Weihnachtszeit ist eingel\u00e4utet. Bei der <strong>Weihnachtsgruppenstunde<\/strong> stimmten wir uns gemeinsam auf das Fest ein, und bei der <strong>Weihnachtsleiterrunde<\/strong> lie\u00dfen wir das Jahr in besinnlicher Atmosph\u00e4re ausklingen.<\/p>\n\n\n\n<p><\/p>\n\n\n\n<p><\/p>\n","protected":false},"excerpt":{"rendered":"<p>Pfadfinderfirmung im Juni, Bezirkslager im September und nat\u00fcrlich ein Public Viewing &#8211; auch dieses Jahr war wieder viel geboten. Wir starteten unser Jahr mit dem Winterlager Anfang Januar. Der Wunsch <a class=\"more-link\" href=\"https:\/\/blog.dpsgbretten.de\/?page_id=6252\">Continue Reading &rarr;<\/a><\/p>\n","protected":false},"author":12,"featured_media":0,"parent":0,"menu_order":0,"comment_status":"closed","ping_status":"closed","template":"","meta":{"footnotes":""},"class_list":["post-6252","page","type-page","status-publish","hentry"],"_links":{"self":[{"href":"https:\/\/blog.dpsgbretten.de\/index.php?rest_route=\/wp\/v2\/pages\/6252","targetHints":{"allow":["GET"]}}],"collection":[{"href":"https:\/\/blog.dpsgbretten.de\/index.php?rest_route=\/wp\/v2\/pages"}],"about":[{"href":"https:\/\/blog.dpsgbretten.de\/index.php?rest_route=\/wp\/v2\/types\/page"}],"author":[{"embeddable":true,"href":"https:\/\/blog.dpsgbretten.de\/index.php?rest_route=\/wp\/v2\/users\/12"}],"replies":[{"embeddable":true,"href":"https:\/\/blog.dpsgbretten.de\/index.php?rest_route=%2Fwp%2Fv2%2Fcomments&post=6252"}],"version-history":[{"count":18,"href":"https:\/\/blog.dpsgbretten.de\/index.php?rest_route=\/wp\/v2\/pages\/6252\/revisions"}],"predecessor-version":[{"id":6752,"href":"https:\/\/blog.dpsgbretten.de\/index.php?rest_route=\/wp\/v2\/pages\/6252\/revisions\/6752"}],"wp:attachment":[{"href":"https:\/\/blog.dpsgbretten.de\/index.php?rest_route=%2Fwp%2Fv2%2Fmedia&parent=6252"}],"curies":[{"name":"wp","href":"https:\/\/api.w.org\/{rel}","templated":true}]}}