{"id":6693,"date":"2026-01-02T11:59:00","date_gmt":"2026-01-02T09:59:00","guid":{"rendered":"https:\/\/blog.dpsgbretten.de\/?page_id=6693"},"modified":"2026-03-17T13:10:07","modified_gmt":"2026-03-17T11:10:07","slug":"das-jahr-2025","status":"publish","type":"page","link":"https:\/\/blog.dpsgbretten.de\/?page_id=6693","title":{"rendered":"Das Jahr 2025"},"content":{"rendered":"\n<p>Winterlager im Januar, Sommergro\u00dffahrt im August und viele weitere Aktionen \u00fcber das ganze Jahr hinweg \u2013 auch dieses Jahr war bei uns wieder jede Menge los.<\/p>\n\n\n\n<p>Wir starteten im Januar mit unserem <strong>Winterlager<\/strong> ins neue Jahr. Auch ohne tief verschneite Landschaft sorgten spannende Programmpunkte und die gemeinsame Zeit f\u00fcr einen gelungenen Auftakt. Kurz darauf folgte das <strong>Stammesfr\u00fchst\u00fcck<\/strong>, bei dem wir gemeinsam ins neue Jahr blickten und das gute Essen genossen. Eine zus\u00e4tzliche <strong>\u00dcbernachtungsaktion<\/strong> sorgte direkt zu Beginn des Jahres f\u00fcr echtes Lagerfeeling.<\/p>\n\n\n\n<p>Im Februar ging es direkt aktiv weiter: Bei der <strong>Pfadi-\u00dcbernachtung<\/strong> standen Spiel, Gemeinschaft und Lageratmosph\u00e4re im Mittelpunkt. Gemeinsam wurde in unseren Gruppenr\u00e4umen gekocht und gespielt. Au\u00dferdem trafen wir uns zum <strong>Grundst\u00fcckszukunftstreffen<\/strong>, bei dem viele Ideen gesammelt und Pl\u00e4ne geschmiedet wurden, wie unser Gel\u00e4nde in den kommenden Jahren weiterentwickelt und noch besser genutzt werden kann. Sportlich wurde es anschlie\u00dfend beim traditionellen <strong>V\u00f6lkerballturnier<\/strong>, bei dem sich die Gruppen mit gro\u00dfem Einsatz, Teamgeist und viel Spa\u00df spannende Duelle lieferten. Nat\u00fcrlich durfte dabei auch die gute Stimmung neben dem Spielfeld nicht fehlen. Den <strong>Thinking Day<\/strong> nutzten wir zudem, um uns bewusst zu machen, dass Pfadfinderinnen und Pfadfinder weltweit Teil einer gro\u00dfen Gemeinschaft sind, die die gleichen Werte teilt.<\/p>\n\n\n\n<div class=\"wp-block-columns is-layout-flex wp-container-core-columns-is-layout-9d6595d7 wp-block-columns-is-layout-flex\">\n<div class=\"wp-block-column is-layout-flow wp-block-column-is-layout-flow\">\n<figure class=\"wp-block-image size-large\"><a href=\"https:\/\/blog.dpsgbretten.de\/wp-content\/uploads\/2026\/02\/IMG_2397.jpeg\"><img loading=\"lazy\" decoding=\"async\" width=\"1024\" height=\"768\" src=\"https:\/\/blog.dpsgbretten.de\/wp-content\/uploads\/2026\/02\/IMG_2397-1024x768.jpeg\" alt=\"\" class=\"wp-image-6987\" srcset=\"https:\/\/blog.dpsgbretten.de\/wp-content\/uploads\/2026\/02\/IMG_2397-1024x768.jpeg 1024w, https:\/\/blog.dpsgbretten.de\/wp-content\/uploads\/2026\/02\/IMG_2397-300x225.jpeg 300w, https:\/\/blog.dpsgbretten.de\/wp-content\/uploads\/2026\/02\/IMG_2397-768x576.jpeg 768w, https:\/\/blog.dpsgbretten.de\/wp-content\/uploads\/2026\/02\/IMG_2397-1536x1152.jpeg 1536w, https:\/\/blog.dpsgbretten.de\/wp-content\/uploads\/2026\/02\/IMG_2397.jpeg 1600w\" sizes=\"auto, (max-width: 1024px) 100vw, 1024px\" \/><\/a><\/figure>\n<\/div>\n\n\n\n<div class=\"wp-block-column is-layout-flow wp-block-column-is-layout-flow\">\n<figure class=\"wp-block-image size-large\"><a href=\"https:\/\/blog.dpsgbretten.de\/wp-content\/uploads\/2026\/02\/IMG_2395.jpeg\"><img loading=\"lazy\" decoding=\"async\" width=\"1024\" height=\"768\" src=\"https:\/\/blog.dpsgbretten.de\/wp-content\/uploads\/2026\/02\/IMG_2395-1024x768.jpeg\" alt=\"\" class=\"wp-image-6988\" srcset=\"https:\/\/blog.dpsgbretten.de\/wp-content\/uploads\/2026\/02\/IMG_2395-1024x768.jpeg 1024w, https:\/\/blog.dpsgbretten.de\/wp-content\/uploads\/2026\/02\/IMG_2395-300x225.jpeg 300w, https:\/\/blog.dpsgbretten.de\/wp-content\/uploads\/2026\/02\/IMG_2395-768x576.jpeg 768w, https:\/\/blog.dpsgbretten.de\/wp-content\/uploads\/2026\/02\/IMG_2395-1536x1152.jpeg 1536w, https:\/\/blog.dpsgbretten.de\/wp-content\/uploads\/2026\/02\/IMG_2395.jpeg 1600w\" sizes=\"auto, (max-width: 1024px) 100vw, 1024px\" \/><\/a><\/figure>\n<\/div>\n<\/div>\n\n\n\n<p>Der M\u00e4rz brachte der <strong>Stufensprung<\/strong> einen wichtigen Moment f\u00fcr unsere (noch)Pfadis, die zu den Rovern sprangen. Zudem setzten wir mit unserer <strong>Baumpflanzaktion<\/strong> ein Zeichen f\u00fcr Umwelt und Nachhaltigkeit und packten gemeinsam tatkr\u00e4ftig mit an. <br>Bei einer <strong>Leiteraktion<\/strong> konnten die Gruppenleiter gemeinsam Zeit verbringen, w\u00e4hrend das Osterfeuer wieder ein fester Bestandteil der Osterfeierlichkeiten unserer Gemeinde war. Au\u00dferdem machten wir beim <strong>Fr\u00fchjahrsputz<\/strong> unser Grundst\u00fcck f\u00fcr die kommende Sommersaison fit. Es folgte die traditionelle <strong>Rosskur<\/strong> mit starken Leistungen aller Teilnehmer.<\/p>\n\n\n\n<p>Dann wurde es sommerlich: Bei \u201e<strong>St\u00fcrmt den See<\/strong>\u201c verbrachten die Rover gemeinsame Tage am Bodensee mit Spielen und Abk\u00fchlung und einem coolem Motto! Au\u00dferdem begleiteten wir wie jedes Jahr die <strong>Fronleichnamsprozession<\/strong>. <br>Vor den Sommerferien genossen wir bei einer <strong>Schwimmbadgruppenstunde<\/strong> die perfekte Abk\u00fchlung in den Sommerferien. Zus\u00e4tzlich war die Roverstufe bei eigenen Aktionen unterwegs, unter anderem bei einer <strong>Roverbezirksaktion<\/strong>, bei der Kontakte zu anderen Gruppen gekn\u00fcpft und vertieft wurden. <br>Ein Highlight des Jahres folgte im August mit der <strong>Sommergro\u00dffahrt<\/strong>, bei der wir gemeinsam in Schweden, D\u00e4nemark und Westernohe unterwegs waren. Kajak fahren in den Sch\u00e4ren Schwedens, wandern und Wissen \u00fcber Wikinger in D\u00e4nemark und ganz viel Lagerlebem mit den W\u00f6lflingen in Westernohe.<\/p>\n\n\n\n<div class=\"wp-block-columns is-layout-flex wp-container-core-columns-is-layout-9d6595d7 wp-block-columns-is-layout-flex\">\n<div class=\"wp-block-column is-layout-flow wp-block-column-is-layout-flow\">\n<figure class=\"wp-block-image size-large\"><a href=\"https:\/\/blog.dpsgbretten.de\/wp-content\/uploads\/2026\/02\/IMG_3086.jpeg\"><img loading=\"lazy\" decoding=\"async\" width=\"1024\" height=\"768\" src=\"https:\/\/blog.dpsgbretten.de\/wp-content\/uploads\/2026\/02\/IMG_3086-1024x768.jpeg\" alt=\"\" class=\"wp-image-6986\" srcset=\"https:\/\/blog.dpsgbretten.de\/wp-content\/uploads\/2026\/02\/IMG_3086-1024x768.jpeg 1024w, https:\/\/blog.dpsgbretten.de\/wp-content\/uploads\/2026\/02\/IMG_3086-300x225.jpeg 300w, https:\/\/blog.dpsgbretten.de\/wp-content\/uploads\/2026\/02\/IMG_3086-768x576.jpeg 768w, https:\/\/blog.dpsgbretten.de\/wp-content\/uploads\/2026\/02\/IMG_3086-1536x1152.jpeg 1536w, https:\/\/blog.dpsgbretten.de\/wp-content\/uploads\/2026\/02\/IMG_3086.jpeg 2040w\" sizes=\"auto, (max-width: 1024px) 100vw, 1024px\" \/><\/a><\/figure>\n<\/div>\n\n\n\n<div class=\"wp-block-column is-layout-flow wp-block-column-is-layout-flow\">\n<figure class=\"wp-block-image size-large\"><a href=\"https:\/\/blog.dpsgbretten.de\/wp-content\/uploads\/2026\/02\/IMG_3082.jpeg\"><img loading=\"lazy\" decoding=\"async\" width=\"768\" height=\"1024\" src=\"https:\/\/blog.dpsgbretten.de\/wp-content\/uploads\/2026\/02\/IMG_3082-768x1024.jpeg\" alt=\"\" class=\"wp-image-6985\" srcset=\"https:\/\/blog.dpsgbretten.de\/wp-content\/uploads\/2026\/02\/IMG_3082-768x1024.jpeg 768w, https:\/\/blog.dpsgbretten.de\/wp-content\/uploads\/2026\/02\/IMG_3082-225x300.jpeg 225w, https:\/\/blog.dpsgbretten.de\/wp-content\/uploads\/2026\/02\/IMG_3082-1152x1536.jpeg 1152w, https:\/\/blog.dpsgbretten.de\/wp-content\/uploads\/2026\/02\/IMG_3082.jpeg 1536w\" sizes=\"auto, (max-width: 768px) 100vw, 768px\" \/><\/a><\/figure>\n<\/div>\n\n\n\n<div class=\"wp-block-column is-layout-flow wp-block-column-is-layout-flow\">\n<figure class=\"wp-block-image size-large\"><a href=\"https:\/\/blog.dpsgbretten.de\/wp-content\/uploads\/2025\/11\/IMG_3085.jpeg\"><img loading=\"lazy\" decoding=\"async\" width=\"1024\" height=\"768\" src=\"https:\/\/blog.dpsgbretten.de\/wp-content\/uploads\/2025\/11\/IMG_3085-1024x768.jpeg\" alt=\"\" class=\"wp-image-6864\" srcset=\"https:\/\/blog.dpsgbretten.de\/wp-content\/uploads\/2025\/11\/IMG_3085-1024x768.jpeg 1024w, https:\/\/blog.dpsgbretten.de\/wp-content\/uploads\/2025\/11\/IMG_3085-300x225.jpeg 300w, https:\/\/blog.dpsgbretten.de\/wp-content\/uploads\/2025\/11\/IMG_3085-768x576.jpeg 768w, https:\/\/blog.dpsgbretten.de\/wp-content\/uploads\/2025\/11\/IMG_3085-1536x1152.jpeg 1536w, https:\/\/blog.dpsgbretten.de\/wp-content\/uploads\/2025\/11\/IMG_3085.jpeg 1600w\" sizes=\"auto, (max-width: 1024px) 100vw, 1024px\" \/><\/a><\/figure>\n<\/div>\n<\/div>\n\n\n\n<p>Am Ende der Ferien fand das <strong>Sommerabschlusslager<\/strong> statt. Bei Spielen, Lagerfeuer und einer Schnitzeljagd durch Bretten konnten wir noch einmal echtes Lagerleben genie\u00dfen und die Erinnerungen an die Sommeraktionen miteinander teilen. Zus\u00e4tzlich traf sich die Leiterrunde zur <strong>JaPlaTa<\/strong>, um neue Programmpunkte zu planen, Ideen auszutauschen und die kommenden Monate vorzubereiten, damit weiterhin abwechslungsreiche Gruppenstunden und Aktionen stattfinden k\u00f6nnen. Ein weiterer H\u00f6hepunkt war der <strong>Stufensprung<\/strong>, bei dem viele W\u00f6lflinge zu den Jupfis und auch einige Jupfis zu den Pfadis sprangen.<\/p>\n\n\n\n<p>Im Oktober wurde bei der <strong>Laubnacht<\/strong> wieder kr\u00e4ftig angepackt und unser Grundst\u00fcck winterfest gemacht. Au\u00dferdem nahmen wir am <strong>Bezirkslager<\/strong> teil, wo wir viele bekannte und neue Gesichter aus anderen St\u00e4mmen trafen und gemeinsam ein gro\u00dfes Lager erlebten. Unter dem Motto \u201eHarry Potter\u201c genossen wir ein sehr sch\u00f6nes Wochenende.<br>Auch begleiteten wir den <strong>St.-Martins-Umzug<\/strong> mit unseren Fackeln. Zus\u00e4tzlich fand eine <strong>\u00dcbernachtung der W\u00f6lflinge<\/strong> in Bretten statt, bei der Spiel, Spa\u00df und Gemeinschaft im Mittelpunkt standen.<\/p>\n\n\n\n<p>Der Dezember rundete das Jahr schlie\u00dflich mit vielen traditionellen und stimmungsvollen Aktionen ab. Bei der <strong>Stammesversammlung<\/strong> blickten wir gemeinsam auf das vergangene Jahr zur\u00fcck, erinnerten uns an die vielen Erlebnisse und besprachen neue Ideen und Pl\u00e4ne f\u00fcr die Zukunft unseres Stammes. Beim <strong>Nikolausdienst<\/strong> waren zahlreiche Nikolausteams unterwegs und brachten mit ihren Besuchen bei Familien in der Umgebung viel Freude und vorweihnachtliche Stimmung. Auch das Friedenslicht wurde wie jedes Jahr weitergegeben und in der letzten Gruppenstunde vor Weihnachten, unserer <strong>Weihnachtsgruppenstunde<\/strong>, stimmten wir uns mit Spielen, Pl\u00e4tzchen und gemeinsamen Aktivit\u00e4ten auf die Feiertage ein, bevor die Leiterrunde mit der <strong>Weihnachtsleiterrunde<\/strong> das Jahr in gem\u00fctlicher Atmosph\u00e4re ausklingen lie\u00df und bereits erste Pl\u00e4ne f\u00fcr das kommende Jahr schmiedete.<\/p>\n\n\n\n<p>So geht wieder ein ereignisreiches Jahr voller Lager, Aktionen und gemeinsamer Erlebnisse zu Ende, und wir freuen uns schon jetzt auf alles, was das n\u00e4chste Jahr bringen wird.<\/p>\n\n\n\n<p><\/p>\n\n\n\n<p><\/p>\n\n\n\n<p><\/p>\n","protected":false},"excerpt":{"rendered":"<p>Winterlager im Januar, Sommergro\u00dffahrt im August und viele weitere Aktionen \u00fcber das ganze Jahr hinweg \u2013 auch dieses Jahr war bei uns wieder jede Menge los. Wir starteten im Januar <a class=\"more-link\" href=\"https:\/\/blog.dpsgbretten.de\/?page_id=6693\">Continue Reading &rarr;<\/a><\/p>\n","protected":false},"author":12,"featured_media":0,"parent":0,"menu_order":0,"comment_status":"closed","ping_status":"closed","template":"","meta":{"footnotes":""},"class_list":["post-6693","page","type-page","status-publish","hentry"],"_links":{"self":[{"href":"https:\/\/blog.dpsgbretten.de\/index.php?rest_route=\/wp\/v2\/pages\/6693","targetHints":{"allow":["GET"]}}],"collection":[{"href":"https:\/\/blog.dpsgbretten.de\/index.php?rest_route=\/wp\/v2\/pages"}],"about":[{"href":"https:\/\/blog.dpsgbretten.de\/index.php?rest_route=\/wp\/v2\/types\/page"}],"author":[{"embeddable":true,"href":"https:\/\/blog.dpsgbretten.de\/index.php?rest_route=\/wp\/v2\/users\/12"}],"replies":[{"embeddable":true,"href":"https:\/\/blog.dpsgbretten.de\/index.php?rest_route=%2Fwp%2Fv2%2Fcomments&post=6693"}],"version-history":[{"count":16,"href":"https:\/\/blog.dpsgbretten.de\/index.php?rest_route=\/wp\/v2\/pages\/6693\/revisions"}],"predecessor-version":[{"id":7050,"href":"https:\/\/blog.dpsgbretten.de\/index.php?rest_route=\/wp\/v2\/pages\/6693\/revisions\/7050"}],"wp:attachment":[{"href":"https:\/\/blog.dpsgbretten.de\/index.php?rest_route=%2Fwp%2Fv2%2Fmedia&parent=6693"}],"curies":[{"name":"wp","href":"https:\/\/api.w.org\/{rel}","templated":true}]}}