{"id":78,"date":"2008-01-19T14:40:14","date_gmt":"2008-01-19T13:40:14","guid":{"rendered":"http:\/\/blog.dpsgbretten.de\/?page_id=78"},"modified":"2026-03-21T11:48:26","modified_gmt":"2026-03-21T09:48:26","slug":"wolflinge","status":"publish","type":"page","link":"https:\/\/blog.dpsgbretten.de\/?page_id=78","title":{"rendered":"06-09: W\u00f6lflinge"},"content":{"rendered":"\n<p>W\u00f6lflinge sind die Jungen und M\u00e4dchen im Alter von sechs bis zehn Jahren. Zusammen bilden wir eine Gruppe, die wir die \u201eMeute\u201d nennen. Wir treffen uns einmal in der Woche zum Meutentreffen und unternehmen gemeinsam lustige und spannende Dinge.<\/p>\n\n\n\n<div class=\"wp-block-columns is-layout-flex wp-container-core-columns-is-layout-9d6595d7 wp-block-columns-is-layout-flex\">\n<div class=\"wp-block-column is-layout-flow wp-block-column-is-layout-flow\">\n<figure class=\"wp-block-image size-large\"><a href=\"https:\/\/blog.dpsgbretten.de\/wp-content\/uploads\/2025\/11\/IMG_1817.jpeg\"><img loading=\"lazy\" decoding=\"async\" width=\"1024\" height=\"768\" src=\"https:\/\/blog.dpsgbretten.de\/wp-content\/uploads\/2025\/11\/IMG_1817-1024x768.jpeg\" alt=\"\" class=\"wp-image-6886\" srcset=\"https:\/\/blog.dpsgbretten.de\/wp-content\/uploads\/2025\/11\/IMG_1817-1024x768.jpeg 1024w, https:\/\/blog.dpsgbretten.de\/wp-content\/uploads\/2025\/11\/IMG_1817-300x225.jpeg 300w, https:\/\/blog.dpsgbretten.de\/wp-content\/uploads\/2025\/11\/IMG_1817-768x576.jpeg 768w, https:\/\/blog.dpsgbretten.de\/wp-content\/uploads\/2025\/11\/IMG_1817-1536x1152.jpeg 1536w, https:\/\/blog.dpsgbretten.de\/wp-content\/uploads\/2025\/11\/IMG_1817.jpeg 2040w\" sizes=\"auto, (max-width: 1024px) 100vw, 1024px\" \/><\/a><\/figure>\n<\/div>\n\n\n\n<div class=\"wp-block-column is-layout-flow wp-block-column-is-layout-flow\">\n<figure class=\"wp-block-image size-full\"><a href=\"https:\/\/blog.dpsgbretten.de\/wp-content\/uploads\/2025\/11\/IMG_1677-2.jpeg\"><img loading=\"lazy\" decoding=\"async\" width=\"1024\" height=\"768\" src=\"https:\/\/blog.dpsgbretten.de\/wp-content\/uploads\/2025\/11\/IMG_1677-2.jpeg\" alt=\"\" class=\"wp-image-6887\" srcset=\"https:\/\/blog.dpsgbretten.de\/wp-content\/uploads\/2025\/11\/IMG_1677-2.jpeg 1024w, https:\/\/blog.dpsgbretten.de\/wp-content\/uploads\/2025\/11\/IMG_1677-2-300x225.jpeg 300w, https:\/\/blog.dpsgbretten.de\/wp-content\/uploads\/2025\/11\/IMG_1677-2-768x576.jpeg 768w\" sizes=\"auto, (max-width: 1024px) 100vw, 1024px\" \/><\/a><\/figure>\n<\/div>\n<\/div>\n\n\n\n<p><strong>Was machen wir bei einem Meutentreffen?<\/strong><\/p>\n\n\n\n<p>Wir treffen uns immer <strong>Mittwochs von 17:30-19Uhr<\/strong>. Alles, was wir da tun, soll uns Spa\u00df machen. Dazu geh\u00f6rt f\u00fcr uns spielen und basteln, singen und musizieren, sich verkleiden, die Natur entdecken, Abenteuer erleben und viele gute Freunde finden. Aber wir wollen auch bei jedem Treffen etwas lernen. Deshalb tauchen wir manchmal ins Reich der Indianer ein, sind Piraten auf den Weltmeeren, reiten mit unserem Besen um den Blocksberg, unternehmen eine Dschungelexpedition oder spielen einen Zirkus nach. Dabei lernen wir viel \u00fcber andere L\u00e4nder, andere Kulturen und Br\u00e4uche, und lassen unserer Fantasie freien Lauf.<\/p>\n\n\n\n<figure class=\"wp-block-image size-large\"><a href=\"https:\/\/blog.dpsgbretten.de\/wp-content\/uploads\/2023\/11\/image-3.png\"><img loading=\"lazy\" decoding=\"async\" width=\"1024\" height=\"460\" src=\"https:\/\/blog.dpsgbretten.de\/wp-content\/uploads\/2023\/11\/image-3-1024x460.png\" alt=\"\" class=\"wp-image-6179\" srcset=\"https:\/\/blog.dpsgbretten.de\/wp-content\/uploads\/2023\/11\/image-3-1024x460.png 1024w, https:\/\/blog.dpsgbretten.de\/wp-content\/uploads\/2023\/11\/image-3-300x135.png 300w, https:\/\/blog.dpsgbretten.de\/wp-content\/uploads\/2023\/11\/image-3-768x345.png 768w, https:\/\/blog.dpsgbretten.de\/wp-content\/uploads\/2023\/11\/image-3.png 1448w\" sizes=\"auto, (max-width: 1024px) 100vw, 1024px\" \/><\/a><\/figure>\n\n\n\n<p><strong>Wieso hei\u00dfen wir eigentlich W\u00f6lflinge?<\/strong><\/p>\n\n\n\n<p>Ihr findet diesen Namen komisch? Nun, so merkw\u00fcrdig ist der Name gar nicht, denn er kommt aus dem Dschungelbuch, das sicher viele von Euch kennen. Mogli, ein kleiner Waisenjunge, w\u00e4chst bei den W\u00f6lfen im Urwald von Indien auf. Er jagt mit den W\u00f6lfen, sorgt f\u00fcr sich und seine Wolfsfreunde, und er entdeckt die Abenteuer des Dschungels. Er \u00fcbernimmt sogar Verantwortung und wird der Anf\u00fchrer der W\u00f6lfe. Wir spielen unter anderem diese Geschichte bei unseren Meutentreffen nach und werden selbst zu einer Gruppe von kleinen W\u00f6lfen. Und auch wir W\u00f6lflinge wollen Verantwortung \u00fcbernehmen \u2013 f\u00fcr uns und f\u00fcr die W\u00f6lflinge in unserer Gruppe. Deshalb nehmen wir R\u00fccksicht auf andere und helfen uns gegenseitig, wo wir k\u00f6nnen. Bei uns ist eben niemand allein!<\/p>\n\n\n\n<div class=\"wp-block-columns is-layout-flex wp-container-core-columns-is-layout-9d6595d7 wp-block-columns-is-layout-flex\">\n<div class=\"wp-block-column is-layout-flow wp-block-column-is-layout-flow\">\n<figure class=\"wp-block-image size-full is-resized\"><a href=\"https:\/\/blog.dpsgbretten.de\/wp-content\/uploads\/2009\/11\/wolfskopf.jpg\"><img loading=\"lazy\" decoding=\"async\" width=\"225\" height=\"168\" src=\"https:\/\/blog.dpsgbretten.de\/wp-content\/uploads\/2009\/11\/wolfskopf.jpg\" alt=\"\" class=\"wp-image-1059\" style=\"width:376px;height:auto\"\/><\/a><\/figure>\n<\/div>\n\n\n\n<div class=\"wp-block-column is-layout-flow wp-block-column-is-layout-flow\">\n<figure class=\"wp-block-image size-large is-resized\"><a href=\"https:\/\/blog.dpsgbretten.de\/wp-content\/uploads\/2025\/11\/IMG_3060-1.jpeg\"><img loading=\"lazy\" decoding=\"async\" width=\"1024\" height=\"934\" src=\"https:\/\/blog.dpsgbretten.de\/wp-content\/uploads\/2025\/11\/IMG_3060-1-1024x934.jpeg\" alt=\"\" class=\"wp-image-6871\" style=\"width:307px;height:auto\" srcset=\"https:\/\/blog.dpsgbretten.de\/wp-content\/uploads\/2025\/11\/IMG_3060-1-1024x934.jpeg 1024w, https:\/\/blog.dpsgbretten.de\/wp-content\/uploads\/2025\/11\/IMG_3060-1-300x274.jpeg 300w, https:\/\/blog.dpsgbretten.de\/wp-content\/uploads\/2025\/11\/IMG_3060-1-768x700.jpeg 768w, https:\/\/blog.dpsgbretten.de\/wp-content\/uploads\/2025\/11\/IMG_3060-1.jpeg 1529w\" sizes=\"auto, (max-width: 1024px) 100vw, 1024px\" \/><\/a><\/figure>\n<\/div>\n<\/div>\n\n\n\n<p><\/p>\n\n\n\n<p><strong>Ist ein Treffen in der Woche<\/strong> <strong>genug?<\/strong><\/p>\n\n\n\n<p>Nein, denn ganz besonders viel Spa\u00df machen uns unsere Lager. Dann wohnen wir gemeinsam in Zelten (im Winter in einem Haus), kochen selbst, gehen schwimmen, erkunden unsere Umgebung und erleben Abenteuer, die man zu Hause eben nicht erleben kann. Abends sitzen wir gem\u00fctlich am Lagerfeuer und singen lustige Lieder oder spielen einfach das, was wir m\u00f6gen. Lager unternehmen wir gemeinsam mit dem Stamm oder in der Stufe.<\/p>\n\n\n\n<div class=\"wp-block-columns is-layout-flex wp-container-core-columns-is-layout-9d6595d7 wp-block-columns-is-layout-flex\">\n<div class=\"wp-block-column is-layout-flow wp-block-column-is-layout-flow\"><\/div>\n\n\n\n<div class=\"wp-block-column is-layout-flow wp-block-column-is-layout-flow\">\n<figure class=\"wp-block-gallery has-nested-images columns-default is-cropped wp-block-gallery-1 is-layout-flex wp-block-gallery-is-layout-flex\">\n<figure class=\"wp-block-image size-large\"><a href=\"https:\/\/blog.dpsgbretten.de\/wp-content\/uploads\/2026\/03\/IMG_3405-1.png\"><img loading=\"lazy\" decoding=\"async\" width=\"724\" height=\"1024\" data-id=\"7022\" src=\"https:\/\/blog.dpsgbretten.de\/wp-content\/uploads\/2026\/03\/IMG_3405-1-724x1024.png\" alt=\"\" class=\"wp-image-7022\" srcset=\"https:\/\/blog.dpsgbretten.de\/wp-content\/uploads\/2026\/03\/IMG_3405-1-724x1024.png 724w, https:\/\/blog.dpsgbretten.de\/wp-content\/uploads\/2026\/03\/IMG_3405-1-212x300.png 212w, https:\/\/blog.dpsgbretten.de\/wp-content\/uploads\/2026\/03\/IMG_3405-1-768x1086.png 768w, https:\/\/blog.dpsgbretten.de\/wp-content\/uploads\/2026\/03\/IMG_3405-1-1086x1536.png 1086w, https:\/\/blog.dpsgbretten.de\/wp-content\/uploads\/2026\/03\/IMG_3405-1.png 1414w\" sizes=\"auto, (max-width: 724px) 100vw, 724px\" \/><\/a><\/figure>\n<\/figure>\n<\/div>\n\n\n\n<div class=\"wp-block-column is-layout-flow wp-block-column-is-layout-flow\"><\/div>\n<\/div>\n\n\n\n<p>Wenn auch Du Lust hast, tolle Abenteuer zu erleben, und wenn Du zwischen sieben und zehn Jahren alt bist, dann komme doch einfach zu den W\u00f6lflingen. Unsere Gruppenstunden finden <strong>Mittwochs von 17:30-19Uhr<\/strong> statt. Wie Du uns erreichst, findest Du auf der <a href=\"https:\/\/blog.dpsgbretten.de\/?page_id=70\">Kontakt-Seite<\/a>. Wir freuen uns \u00fcber jeden Neuzugang!<\/p>\n\n\n\n<p><a href=\"https:\/\/blog.dpsgbretten.de\/?cat=98\">Alle bisher erlebten Abenteuer der W\u00f6lflingsstufe k\u00f6nnt Ihr Euch unter diesem Link ansehen.<\/a><\/p>\n\n\n\n<p><\/p>\n","protected":false},"excerpt":{"rendered":"<p>W\u00f6lflinge sind die Jungen und M\u00e4dchen im Alter von sechs bis zehn Jahren. Zusammen bilden wir eine Gruppe, die wir die \u201eMeute\u201d nennen. Wir treffen uns einmal in der Woche <a class=\"more-link\" href=\"https:\/\/blog.dpsgbretten.de\/?page_id=78\">Continue Reading &rarr;<\/a><\/p>\n","protected":false},"author":1,"featured_media":7055,"parent":11,"menu_order":1,"comment_status":"closed","ping_status":"closed","template":"","meta":{"footnotes":""},"class_list":["post-78","page","type-page","status-publish","has-post-thumbnail","hentry"],"_links":{"self":[{"href":"https:\/\/blog.dpsgbretten.de\/index.php?rest_route=\/wp\/v2\/pages\/78","targetHints":{"allow":["GET"]}}],"collection":[{"href":"https:\/\/blog.dpsgbretten.de\/index.php?rest_route=\/wp\/v2\/pages"}],"about":[{"href":"https:\/\/blog.dpsgbretten.de\/index.php?rest_route=\/wp\/v2\/types\/page"}],"author":[{"embeddable":true,"href":"https:\/\/blog.dpsgbretten.de\/index.php?rest_route=\/wp\/v2\/users\/1"}],"replies":[{"embeddable":true,"href":"https:\/\/blog.dpsgbretten.de\/index.php?rest_route=%2Fwp%2Fv2%2Fcomments&post=78"}],"version-history":[{"count":44,"href":"https:\/\/blog.dpsgbretten.de\/index.php?rest_route=\/wp\/v2\/pages\/78\/revisions"}],"predecessor-version":[{"id":7095,"href":"https:\/\/blog.dpsgbretten.de\/index.php?rest_route=\/wp\/v2\/pages\/78\/revisions\/7095"}],"up":[{"embeddable":true,"href":"https:\/\/blog.dpsgbretten.de\/index.php?rest_route=\/wp\/v2\/pages\/11"}],"wp:featuredmedia":[{"embeddable":true,"href":"https:\/\/blog.dpsgbretten.de\/index.php?rest_route=\/wp\/v2\/media\/7055"}],"wp:attachment":[{"href":"https:\/\/blog.dpsgbretten.de\/index.php?rest_route=%2Fwp%2Fv2%2Fmedia&parent=78"}],"curies":[{"name":"wp","href":"https:\/\/api.w.org\/{rel}","templated":true}]}}