{"id":80,"date":"2008-01-26T01:05:03","date_gmt":"2008-01-26T00:05:03","guid":{"rendered":"http:\/\/blog.dpsgbretten.de\/?page_id=80"},"modified":"2026-03-21T11:50:07","modified_gmt":"2026-03-21T09:50:07","slug":"mitglied-werden","status":"publish","type":"page","link":"https:\/\/blog.dpsgbretten.de\/?page_id=80","title":{"rendered":"&#8230; mitmachen!"},"content":{"rendered":"\n<p><strong>Abenteuer entgehen lassen?<\/strong> <strong>Fahrten verpassen?               <\/strong><br><strong>Nein danke!<\/strong><\/p>\n\n\n\n<p><strong>Um das Feuer kauern und die D\u00e4mmerung des Morgens abwarten?<\/strong> <br><strong>Ja bitte!<\/strong><\/p>\n\n\n\n<p><strong>Wir freuen uns \u00fcber jedes neue Gesicht in unserem Stamm!<\/strong><\/p>\n\n\n\n<p>Der erste Schritt Georgspfadfinder im DPSG Stamm ASKOLA zu werden, ist die Teilnahme an den w\u00f6chentlichen Gruppenstunden. Wir laden Dich ein, einfach zu den entsprechenden Gruppenstundenzeiten vorbeizukommen und mitzumachen. Aber melde Dich bitte vorher bei uns \u2013 Aufgrund der gro\u00dfen Nachfrage k\u00f6nnen wir nicht in allen Gruppen neue Mitglieder aufnehmen.<\/p>\n\n\n\n<p>N\u00e4here Informationen erh\u00e4lst Du \u00fcber das <a href=\"https:\/\/blog.dpsgbretten.de\/?page_id=70\">Kontakt-Formular<\/a>.<\/p>\n\n\n\n<p><strong>Welches Alter f\u00fcr welche Gruppe?<\/strong><\/p>\n\n\n\n<p>In welcher Gruppe kann ich mitmachen? W\u00f6lfling? Jungpfadfinder? Pfadfinder? Rover? Das ist vom Alter abh\u00e4ngig. Die J\u00fcngsten in unserem Stamm sind unsere <a href=\"https:\/\/blog.dpsgbretten.de\/?cat=98\" data-type=\"category\" data-id=\"98\">W\u00f6lflinge<\/a>, das sind die 6 bis 9j\u00e4hrigen Kinder. Jungen und M\u00e4dchen zwischen 10 und 13 Jahren k\u00f6nnen bei den <a href=\"https:\/\/blog.dpsgbretten.de\/?page_id=370\" data-type=\"page\" data-id=\"370\">Jungpfadfindern<\/a> mitmachen, f\u00fcr Leute zwischen 14 und 16 Jahren ist die <a href=\"https:\/\/blog.dpsgbretten.de\/?cat=100\" data-type=\"category\" data-id=\"100\">Pfadfinderstufe<\/a> genau das Richtige. Ab 16 Jahren kann man in die <a href=\"https:\/\/blog.dpsgbretten.de\/?page_id=1666\" data-type=\"page\" data-id=\"1666\">Roverstufe<\/a> wechseln. Und ab 16 kann man nat\u00fcrlich auch <a href=\"https:\/\/blog.dpsgbretten.de\/?page_id=103\" data-type=\"page\" data-id=\"103\">Leiter<\/a> werden. Unsere Gruppen treffen sich im Winter und bei schlechtem Wetter in unserem Stammesheim, dem Dachgescho\u00df des Bernhardushaus an der St. Laurentius-Kirche in der Kernstadt Brettens, im Sommer in unserem Pfadfindergarten. Die Gruppenstunden finden immer Mittwochs statt.<\/p>\n\n\n<div class=\"wp-block-image\">\n<figure class=\"aligncenter\"><img decoding=\"async\" src=\"https:\/\/blog.dpsgbretten.de\/wp-content\/uploads\/2012\/09\/foto1.jpg\" alt=\"foto1\"\/><\/figure>\n<\/div>\n\n\n<p><strong><br>Was passiert in der (ersten) Gruppenstunde?<\/strong><\/p>\n\n\n\n<p>Egal ob im Kindergarten, in der Schule oder in einem neuen Verein. Das erste Mal auf neue Gesichter zu treffen ist sehr aufregend, manchmal auch mit \u00c4ngsten verbunden, was nur allzu menschlich ist. Unsere Gruppenstunden beinhalten einige Rituale an die Du Dich schnell gew\u00f6hnst. Wir starten jede Gruppenstunde mit einem Er\u00f6ffnungskreis, einigen Spielen zwischendurch und einem inhaltlichen Teil bevor wir mit unserem Abschlusskreis die Gruppenstunden beenden. Sind neue Gesichter zu Gast, f\u00fchren wir spielerisch eine Vorstellungsrunde durch \u2013 auch ansonsten helfen die Kinder wie auch die Gruppenleiter bei der Integration. Die Eltern d\u00fcrfen nat\u00fcrlich auch w\u00e4hrend der Gruppenstunde dabei bleiben, dies wird jedoch schnell nicht mehr n\u00f6tig sein.<\/p>\n\n\n\n<p><strong>Muss ich direkt Mitglied werden?<\/strong><\/p>\n\n\n\n<p>Wir finden es wichtig, dass sich Kinder, Jugendliche und junge Erwachsene bei uns wohl f\u00fchlen \u2026 daher bieten wir eine Schnupperphase von mindestens sechs Grupenstunden an, in denen die Kinder und Jugendlichen entscheiden k\u00f6nnen, ob es ihnen gef\u00e4llt oder nicht. Erst danach wird in Absprache mit den Eltern eine Anmeldung vorgenommen.<\/p>\n\n\n\n<p><strong>Was kostet die Anmeldung bzw. der Jahresbeitrag?<\/strong><\/p>\n\n\n\n<p>Unser Jahresbeitrag bel\u00e4uft sich auf 49 \u20ac f\u00fcr das 1. Kind einer Familie, sowie 35 \u20ac ab dem 2. Kind einer Familie. Geschwisterkinder zahlen also zusammen 70 \u20ac pro Jahr. Wer ab dem Mai eines jeden Jahres eintritt, muss nur einen anteiligen Halbjahresbeitrag zahlen. In den Beitr\u00e4gen ist die Versicherung, die Mitgliedschaft in der Weltpfadfinderorganisation, sowie der Bezug der Mitgliederzeitschrift der DPSG enthalten. Gegen eine Aufnahmegeb\u00fchr von 40 \u20ac erh\u00e4lt jedes neue Mitglied seine Pfadfinderkluft, die nach Austritt aus dem Pfadfinderstamm wieder zur\u00fcckgegeben werden muss.<\/p>\n\n\n\n<figure class=\"wp-block-image\"><img decoding=\"async\" src=\"https:\/\/blog.dpsgbretten.de\/wp-content\/uploads\/2012\/09\/foto2.jpg\" alt=\"foto2\"\/><\/figure>\n\n\n\n<p><strong>Wann bekomme ich mein Halstuch?<\/strong><\/p>\n\n\n\n<p>Die wohl wichtigste Frage f\u00fcr alle neuen Pfadfinder in unserem Stamm. Das Halstuch stellt etwas Besonderes dar und wird daher auch in einem besonderen Rahmen von den jeweiligen Gruppenleitern der Stufe verliehen. Es gibt in unserem Stamm ein besonderes Halstuch, das Ringhalstuch. Das Ringhalstuch stellt das h\u00f6chste Halstuch dar, jeder Ringhalstuchtr\u00e4ger\/jede Ringhalstuchtr\u00e4gerin hat es geschafft alle Proben zu absolvieren und engagiert sich zudem aktiv in unserem Stamm.<\/p>\n\n\n\n<p><strong>Lust auf Abenteuer\u2026<\/strong><\/p>\n\n\n\n<p>\u2026 dann melde Dich bei uns, damit wir Dir Bescheid geben k\u00f6nnen ob ein Platz in der Gruppe frei ist. Falls keine Pl\u00e4tze mehr frei sind, kannst Du Dich auf eine Warteliste setzen lassen. Sobald wieder Pl\u00e4tze frei sind, kannst Du zu den Gruppenstunden kommen. N\u00e4here Informationen bei wem Du Dich melden kannst, erh\u00e4lst Du auf unserer <a href=\"https:\/\/blog.dpsgbretten.de\/?page_id=70\">Kontakt-Seite.<\/a> Wir treffen uns jeden Mittwoch, und freuen uns \u00fcber jedes neues Gesicht!<\/p>\n\n\n\n<div class=\"wp-block-columns is-layout-flex wp-container-core-columns-is-layout-9d6595d7 wp-block-columns-is-layout-flex\">\n<div class=\"wp-block-column is-layout-flow wp-block-column-is-layout-flow\" style=\"flex-basis:100%\">\n<div class=\"wp-block-group\"><div class=\"wp-block-group__inner-container is-layout-constrained wp-block-group-is-layout-constrained\">\n<div class=\"wp-block-columns is-layout-flex wp-container-core-columns-is-layout-9d6595d7 wp-block-columns-is-layout-flex\">\n<div class=\"wp-block-column is-layout-flow wp-block-column-is-layout-flow\">\n<figure class=\"wp-block-image size-large\"><a href=\"https:\/\/blog.dpsgbretten.de\/wp-content\/uploads\/2025\/11\/IMG_3157.jpeg\"><img loading=\"lazy\" decoding=\"async\" width=\"768\" height=\"1024\" src=\"https:\/\/blog.dpsgbretten.de\/wp-content\/uploads\/2025\/11\/IMG_3157-768x1024.jpeg\" alt=\"\" class=\"wp-image-6862\" srcset=\"https:\/\/blog.dpsgbretten.de\/wp-content\/uploads\/2025\/11\/IMG_3157-768x1024.jpeg 768w, https:\/\/blog.dpsgbretten.de\/wp-content\/uploads\/2025\/11\/IMG_3157-225x300.jpeg 225w, https:\/\/blog.dpsgbretten.de\/wp-content\/uploads\/2025\/11\/IMG_3157-1152x1536.jpeg 1152w, https:\/\/blog.dpsgbretten.de\/wp-content\/uploads\/2025\/11\/IMG_3157.jpeg 1536w\" sizes=\"auto, (max-width: 768px) 100vw, 768px\" \/><\/a><\/figure>\n<\/div>\n\n\n\n<div class=\"wp-block-column is-layout-flow wp-block-column-is-layout-flow\">\n<figure class=\"wp-block-image size-large\"><a href=\"https:\/\/blog.dpsgbretten.de\/wp-content\/uploads\/2025\/11\/IMG_3093-1.jpeg\"><img loading=\"lazy\" decoding=\"async\" width=\"772\" height=\"1024\" src=\"https:\/\/blog.dpsgbretten.de\/wp-content\/uploads\/2025\/11\/IMG_3093-1-772x1024.jpeg\" alt=\"\" class=\"wp-image-6863\" srcset=\"https:\/\/blog.dpsgbretten.de\/wp-content\/uploads\/2025\/11\/IMG_3093-1-772x1024.jpeg 772w, https:\/\/blog.dpsgbretten.de\/wp-content\/uploads\/2025\/11\/IMG_3093-1-226x300.jpeg 226w, https:\/\/blog.dpsgbretten.de\/wp-content\/uploads\/2025\/11\/IMG_3093-1-768x1019.jpeg 768w, https:\/\/blog.dpsgbretten.de\/wp-content\/uploads\/2025\/11\/IMG_3093-1-1158x1536.jpeg 1158w, https:\/\/blog.dpsgbretten.de\/wp-content\/uploads\/2025\/11\/IMG_3093-1.jpeg 1440w\" sizes=\"auto, (max-width: 772px) 100vw, 772px\" \/><\/a><\/figure>\n<\/div>\n\n\n\n<div class=\"wp-block-column is-layout-flow wp-block-column-is-layout-flow\">\n<figure class=\"wp-block-image size-full\"><a href=\"https:\/\/blog.dpsgbretten.de\/wp-content\/uploads\/2025\/09\/IMG_3126-1.jpeg\"><img loading=\"lazy\" decoding=\"async\" width=\"1200\" height=\"1600\" src=\"https:\/\/blog.dpsgbretten.de\/wp-content\/uploads\/2025\/09\/IMG_3126-1.jpeg\" alt=\"\" class=\"wp-image-6789\" srcset=\"https:\/\/blog.dpsgbretten.de\/wp-content\/uploads\/2025\/09\/IMG_3126-1.jpeg 1200w, https:\/\/blog.dpsgbretten.de\/wp-content\/uploads\/2025\/09\/IMG_3126-1-225x300.jpeg 225w, https:\/\/blog.dpsgbretten.de\/wp-content\/uploads\/2025\/09\/IMG_3126-1-768x1024.jpeg 768w, https:\/\/blog.dpsgbretten.de\/wp-content\/uploads\/2025\/09\/IMG_3126-1-1152x1536.jpeg 1152w\" sizes=\"auto, (max-width: 1200px) 100vw, 1200px\" \/><\/a><\/figure>\n<\/div>\n<\/div>\n<\/div><\/div>\n<\/div>\n<\/div>\n\n\n\n<p><\/p>\n","protected":false},"excerpt":{"rendered":"<p>Abenteuer entgehen lassen? Fahrten verpassen? Nein danke! Um das Feuer kauern und die D\u00e4mmerung des Morgens abwarten? Ja bitte! Wir freuen uns \u00fcber jedes neue Gesicht in unserem Stamm! Der <a class=\"more-link\" href=\"https:\/\/blog.dpsgbretten.de\/?page_id=80\">Continue Reading &rarr;<\/a><\/p>\n","protected":false},"author":1,"featured_media":7011,"parent":1125,"menu_order":99999,"comment_status":"closed","ping_status":"open","template":"","meta":{"footnotes":""},"class_list":["post-80","page","type-page","status-publish","has-post-thumbnail","hentry"],"_links":{"self":[{"href":"https:\/\/blog.dpsgbretten.de\/index.php?rest_route=\/wp\/v2\/pages\/80","targetHints":{"allow":["GET"]}}],"collection":[{"href":"https:\/\/blog.dpsgbretten.de\/index.php?rest_route=\/wp\/v2\/pages"}],"about":[{"href":"https:\/\/blog.dpsgbretten.de\/index.php?rest_route=\/wp\/v2\/types\/page"}],"author":[{"embeddable":true,"href":"https:\/\/blog.dpsgbretten.de\/index.php?rest_route=\/wp\/v2\/users\/1"}],"replies":[{"embeddable":true,"href":"https:\/\/blog.dpsgbretten.de\/index.php?rest_route=%2Fwp%2Fv2%2Fcomments&post=80"}],"version-history":[{"count":49,"href":"https:\/\/blog.dpsgbretten.de\/index.php?rest_route=\/wp\/v2\/pages\/80\/revisions"}],"predecessor-version":[{"id":7094,"href":"https:\/\/blog.dpsgbretten.de\/index.php?rest_route=\/wp\/v2\/pages\/80\/revisions\/7094"}],"up":[{"embeddable":true,"href":"https:\/\/blog.dpsgbretten.de\/index.php?rest_route=\/wp\/v2\/pages\/1125"}],"wp:featuredmedia":[{"embeddable":true,"href":"https:\/\/blog.dpsgbretten.de\/index.php?rest_route=\/wp\/v2\/media\/7011"}],"wp:attachment":[{"href":"https:\/\/blog.dpsgbretten.de\/index.php?rest_route=%2Fwp%2Fv2%2Fmedia&parent=80"}],"curies":[{"name":"wp","href":"https:\/\/api.w.org\/{rel}","templated":true}]}}